{"id":7113,"date":"2025-10-15T10:32:55","date_gmt":"2025-10-15T10:32:55","guid":{"rendered":"https:\/\/automaquinariavazquez.es\/?page_id=7113"},"modified":"2025-10-15T14:16:35","modified_gmt":"2025-10-15T14:16:35","slug":"elevadores-para-parking","status":"publish","type":"page","link":"https:\/\/automaquinariavazquez.es\/en\/elevadores-para-parking\/","title":{"rendered":"Elevadores para Parking"},"content":{"rendered":"<div data-elementor-type=\"wp-page\" data-elementor-id=\"7113\" class=\"elementor elementor-7113\" data-elementor-post-type=\"page\">\n\t\t\t\t<div class=\"elementor-element elementor-element-d6dce42 e-flex e-con-boxed e-con e-parent\" data-id=\"d6dce42\" data-element_type=\"container\" data-e-type=\"container\">\n\t\t\t\t\t<div class=\"e-con-inner\">\n\t\t<div class=\"elementor-element elementor-element-c30f8a1 e-con-full e-flex e-con e-child\" data-id=\"c30f8a1\" data-element_type=\"container\" data-e-type=\"container\">\n\t\t\t\t<div class=\"elementor-element elementor-element-50c75fa elementor-widget elementor-widget-image\" data-id=\"50c75fa\" data-element_type=\"widget\" data-e-type=\"widget\" data-widget_type=\"image.default\">\n\t\t\t\t\t\t\t\t\t\t\t\t\t\t\t<img fetchpriority=\"high\" decoding=\"async\" width=\"525\" height=\"393\" src=\"https:\/\/automaquinariavazquez.es\/wp-content\/uploads\/2025\/10\/parkin-2x1-1.jpg\" class=\"attachment-large size-large wp-image-7118\" alt=\"\" srcset=\"https:\/\/automaquinariavazquez.es\/wp-content\/uploads\/2025\/10\/parkin-2x1-1.jpg 800w, https:\/\/automaquinariavazquez.es\/wp-content\/uploads\/2025\/10\/parkin-2x1-1-300x225.jpg 300w, https:\/\/automaquinariavazquez.es\/wp-content\/uploads\/2025\/10\/parkin-2x1-1-768x575.jpg 768w, https:\/\/automaquinariavazquez.es\/wp-content\/uploads\/2025\/10\/parkin-2x1-1-16x12.jpg 16w\" sizes=\"(max-width: 525px) 100vw, 525px\" \/>\t\t\t\t\t\t\t\t\t\t\t\t\t\t\t<\/div>\n\t\t\t\t<\/div>\n\t\t<div class=\"elementor-element elementor-element-ef380be e-con-full e-flex e-con e-child\" data-id=\"ef380be\" data-element_type=\"container\" data-e-type=\"container\">\n\t\t\t\t<div class=\"elementor-element elementor-element-ab0add3 elementor-widget elementor-widget-heading\" data-id=\"ab0add3\" data-element_type=\"widget\" data-e-type=\"widget\" data-widget_type=\"heading.default\">\n\t\t\t\t\t<h1 class=\"elementor-heading-title elementor-size-default\">2x1 parking lifts<\/h1>\t\t\t\t<\/div>\n\t\t\t\t<div class=\"elementor-element elementor-element-f81e429 elementor-widget elementor-widget-text-editor\" data-id=\"f81e429\" data-element_type=\"widget\" data-e-type=\"widget\" data-widget_type=\"text-editor.default\">\n\t\t\t\t\t\t\t\t\t<p><strong>Ideal for private and community parking, public garages, factories, villas, central office areas, etc.<\/strong><\/p>\t\t\t\t\t\t\t\t<\/div>\n\t\t\t\t<div class=\"elementor-element elementor-element-bbef898 elementor-widget elementor-widget-heading\" data-id=\"bbef898\" data-element_type=\"widget\" data-e-type=\"widget\" data-widget_type=\"heading.default\">\n\t\t\t\t\t<h2 class=\"elementor-heading-title elementor-size-default\">Parking 2x1<\/h2>\t\t\t\t<\/div>\n\t\t\t\t<div class=\"elementor-element elementor-element-f723710 elementor-widget elementor-widget-text-editor\" data-id=\"f723710\" data-element_type=\"widget\" data-e-type=\"widget\" data-widget_type=\"text-editor.default\">\n\t\t\t\t\t\t\t\t\t<p>Equipped with a large platform that completely covers the perimeter to be lifted.<\/p><p>This design prevents annoying drips or leaks into the car stored below.<\/p><p>Three-phase or single-phase versions.<\/p><p>Professional or private use.<\/p><p>We carry out installations tailored to your needs.<\/p><p><strong>Quality<\/strong><\/p><p>\u2022 Continuously manufactured for over 40 years!<\/p><p>\u2022 Mismas ventajas que un 2 columnas.<\/p><p><strong>Functionality<\/strong><\/p><p>\u2022 Versatility and reduced space.<\/p><p>\u2022 Ideal para parkings privados o comunitarios, centros comerciales, etc&#8230; Empresas que necesitan aumentar su capacidad de aparcamiento.<\/p><p>\u2022 Doubles parking capacity in businesses, residential developments, townhouses, and single-family homes.<\/p><p>\u2022 We double the capacity of your garage!<\/p><p>\u2022 Solve parking problems.<\/p><p><strong>Security<\/strong><\/p><p>\u2022 CE safety standards, certified by Bureau Veritas and T\u00dcV.<\/p><p>\u2022 Mechanical security measures that guarantee comprehensive safety.<\/p><p class=\"lpro lacce\">\u00a0<\/p>\t\t\t\t\t\t\t\t<\/div>\n\t\t\t\t<\/div>\n\t\t\t\t\t<\/div>\n\t\t\t\t<\/div>\n\t\t<div class=\"elementor-element elementor-element-172f532 e-flex e-con-boxed e-con e-parent\" data-id=\"172f532\" data-element_type=\"container\" data-e-type=\"container\">\n\t\t\t\t\t<div class=\"e-con-inner\">\n\t\t<div class=\"elementor-element elementor-element-63f5715 e-con-full e-flex e-con e-child\" data-id=\"63f5715\" data-element_type=\"container\" data-e-type=\"container\">\n\t\t\t\t<div class=\"elementor-element elementor-element-93ed094 elementor-widget elementor-widget-image\" data-id=\"93ed094\" data-element_type=\"widget\" data-e-type=\"widget\" data-widget_type=\"image.default\">\n\t\t\t\t\t\t\t\t\t\t\t\t\t\t\t<img decoding=\"async\" width=\"525\" height=\"268\" src=\"https:\/\/automaquinariavazquez.es\/wp-content\/uploads\/2025\/10\/parking-garaje-taller.jpg\" class=\"attachment-large size-large wp-image-7119\" alt=\"\" srcset=\"https:\/\/automaquinariavazquez.es\/wp-content\/uploads\/2025\/10\/parking-garaje-taller.jpg 1000w, https:\/\/automaquinariavazquez.es\/wp-content\/uploads\/2025\/10\/parking-garaje-taller-300x153.jpg 300w, https:\/\/automaquinariavazquez.es\/wp-content\/uploads\/2025\/10\/parking-garaje-taller-768x392.jpg 768w, https:\/\/automaquinariavazquez.es\/wp-content\/uploads\/2025\/10\/parking-garaje-taller-18x9.jpg 18w\" sizes=\"(max-width: 525px) 100vw, 525px\" \/>\t\t\t\t\t\t\t\t\t\t\t\t\t\t\t<\/div>\n\t\t\t\t<\/div>\n\t\t<div class=\"elementor-element elementor-element-84edfe0 e-con-full e-flex e-con e-child\" data-id=\"84edfe0\" data-element_type=\"container\" data-e-type=\"container\">\n\t\t\t\t<div class=\"elementor-element elementor-element-e6f3851 elementor-widget elementor-widget-heading\" data-id=\"e6f3851\" data-element_type=\"widget\" data-e-type=\"widget\" data-widget_type=\"heading.default\">\n\t\t\t\t\t<h2 class=\"elementor-heading-title elementor-size-default\">Characteristics<\/h2>\t\t\t\t<\/div>\n\t\t\t\t<div class=\"elementor-element elementor-element-d1b8ba4 elementor-icon-list--layout-traditional elementor-list-item-link-full_width elementor-widget elementor-widget-icon-list\" data-id=\"d1b8ba4\" data-element_type=\"widget\" data-e-type=\"widget\" data-widget_type=\"icon-list.default\">\n\t\t\t\t\t\t\t<ul class=\"elementor-icon-list-items\">\n\t\t\t\t\t\t\t<li class=\"elementor-icon-list-item\">\n\t\t\t\t\t\t\t\t\t\t\t<span class=\"elementor-icon-list-icon\">\n\t\t\t\t\t\t\t<svg aria-hidden=\"true\" class=\"e-font-icon-svg e-fas-check\" viewbox=\"0 0 512 512\" xmlns=\"http:\/\/www.w3.org\/2000\/svg\"><path d=\"M173.898 439.404l-166.4-166.4c-9.997-9.997-9.997-26.206 0-36.204l36.203-36.204c9.997-9.998 26.207-9.998 36.204 0L192 312.69 432.095 72.596c9.997-9.997 26.207-9.997 36.204 0l36.203 36.204c9.997 9.997 9.997 26.206 0 36.204l-294.4 294.401c-9.998 9.997-26.207 9.997-36.204-.001z\"><\/path><\/svg>\t\t\t\t\t\t<\/span>\n\t\t\t\t\t\t\t\t\t\t<span class=\"elementor-icon-list-text\">Manufactured and evolving for over 30 years! <\/span>\n\t\t\t\t\t\t\t\t\t<\/li>\n\t\t\t\t\t\t\t\t<li class=\"elementor-icon-list-item\">\n\t\t\t\t\t\t\t\t\t\t\t<span class=\"elementor-icon-list-icon\">\n\t\t\t\t\t\t\t<svg aria-hidden=\"true\" class=\"e-font-icon-svg e-fas-check\" viewbox=\"0 0 512 512\" xmlns=\"http:\/\/www.w3.org\/2000\/svg\"><path d=\"M173.898 439.404l-166.4-166.4c-9.997-9.997-9.997-26.206 0-36.204l36.203-36.204c9.997-9.998 26.207-9.998 36.204 0L192 312.69 432.095 72.596c9.997-9.997 26.207-9.997 36.204 0l36.203 36.204c9.997 9.997 9.997 26.206 0 36.204l-294.4 294.401c-9.998 9.997-26.207 9.997-36.204-.001z\"><\/path><\/svg>\t\t\t\t\t\t<\/span>\n\t\t\t\t\t\t\t\t\t\t<span class=\"elementor-icon-list-text\">Same advantages as a 2-column.<\/span>\n\t\t\t\t\t\t\t\t\t<\/li>\n\t\t\t\t\t\t\t\t<li class=\"elementor-icon-list-item\">\n\t\t\t\t\t\t\t\t\t\t\t<span class=\"elementor-icon-list-icon\">\n\t\t\t\t\t\t\t<svg aria-hidden=\"true\" class=\"e-font-icon-svg e-fas-check\" viewbox=\"0 0 512 512\" xmlns=\"http:\/\/www.w3.org\/2000\/svg\"><path d=\"M173.898 439.404l-166.4-166.4c-9.997-9.997-9.997-26.206 0-36.204l36.203-36.204c9.997-9.998 26.207-9.998 36.204 0L192 312.69 432.095 72.596c9.997-9.997 26.207-9.997 36.204 0l36.203 36.204c9.997 9.997 9.997 26.206 0 36.204l-294.4 294.401c-9.998 9.997-26.207 9.997-36.204-.001z\"><\/path><\/svg>\t\t\t\t\t\t<\/span>\n\t\t\t\t\t\t\t\t\t\t<span class=\"elementor-icon-list-text\">Doubles the space possibilities, possibility of customization.<\/span>\n\t\t\t\t\t\t\t\t\t<\/li>\n\t\t\t\t\t\t\t\t<li class=\"elementor-icon-list-item\">\n\t\t\t\t\t\t\t\t\t\t\t<span class=\"elementor-icon-list-icon\">\n\t\t\t\t\t\t\t<svg aria-hidden=\"true\" class=\"e-font-icon-svg e-fas-check\" viewbox=\"0 0 512 512\" xmlns=\"http:\/\/www.w3.org\/2000\/svg\"><path d=\"M173.898 439.404l-166.4-166.4c-9.997-9.997-9.997-26.206 0-36.204l36.203-36.204c9.997-9.998 26.207-9.998 36.204 0L192 312.69 432.095 72.596c9.997-9.997 26.207-9.997 36.204 0l36.203 36.204c9.997 9.997 9.997 26.206 0 36.204l-294.4 294.401c-9.998 9.997-26.207 9.997-36.204-.001z\"><\/path><\/svg>\t\t\t\t\t\t<\/span>\n\t\t\t\t\t\t\t\t\t\t<span class=\"elementor-icon-list-text\">Ideal for private and community parking, public garages, factories, villas, central office areas, etc.<\/span>\n\t\t\t\t\t\t\t\t\t<\/li>\n\t\t\t\t\t\t\t\t<li class=\"elementor-icon-list-item\">\n\t\t\t\t\t\t\t\t\t\t\t<span class=\"elementor-icon-list-icon\">\n\t\t\t\t\t\t\t<svg aria-hidden=\"true\" class=\"e-font-icon-svg e-fas-check\" viewbox=\"0 0 512 512\" xmlns=\"http:\/\/www.w3.org\/2000\/svg\"><path d=\"M173.898 439.404l-166.4-166.4c-9.997-9.997-9.997-26.206 0-36.204l36.203-36.204c9.997-9.998 26.207-9.998 36.204 0L192 312.69 432.095 72.596c9.997-9.997 26.207-9.997 36.204 0l36.203 36.204c9.997 9.997 9.997 26.206 0 36.204l-294.4 294.401c-9.998 9.997-26.207 9.997-36.204-.001z\"><\/path><\/svg>\t\t\t\t\t\t<\/span>\n\t\t\t\t\t\t\t\t\t\t<span class=\"elementor-icon-list-text\">Available for installation in single-phase and three-phase versions.<\/span>\n\t\t\t\t\t\t\t\t\t<\/li>\n\t\t\t\t\t\t<\/ul>\n\t\t\t\t\t\t<\/div>\n\t\t\t\t<\/div>\n\t\t\t\t\t<\/div>\n\t\t\t\t<\/div>\n\t\t\t\t<\/div>","protected":false},"excerpt":{"rendered":"<p>Elevadores para Parking 2&#215;1 Ideal para parkings privados y comunitarios, garajes p\u00fablicos, f\u00e1bricas, chalets, zonas c\u00e9ntricas de oficinas\u2026 Parking 2&#215;1 Dotado de una gran plataforma que cubre totalmente el per\u00edmetro a elevar. Este dise\u00f1o evita goteos o escapes molestos hacia el coche almacenado debajo. Versiones trif\u00e1sica o monof\u00e1sica. Uso profesional o privado. Realizamos instalaciones a [&hellip;]<\/p>\n","protected":false},"author":1,"featured_media":0,"parent":0,"menu_order":0,"comment_status":"closed","ping_status":"closed","template":"tpl-default-elementor.php","meta":{"footnotes":""},"class_list":["post-7113","page","type-page","status-publish","hentry"],"yoast_head":"<!-- This site is optimized with the Yoast SEO plugin v27.0 - https:\/\/yoast.com\/product\/yoast-seo-wordpress\/ -->\n<title>Elevadores para Parking | Automaquinaria V\u00e1zquez<\/title>\n<meta name=\"description\" content=\"Elevadores para Parking 2x1 Ideal para parkings privados y comunitarios, garajes p\u00fablicos, f\u00e1bricas, chalets, zonas c\u00e9ntricas de oficinas\u2026 Parking 2x1\" \/>\n<meta name=\"robots\" content=\"index, follow, max-snippet:-1, max-image-preview:large, max-video-preview:-1\" \/>\n<link rel=\"canonical\" href=\"https:\/\/automaquinariavazquez.es\/en\/elevadores-para-parking\/\" \/>\n<meta property=\"og:locale\" content=\"en_GB\" \/>\n<meta property=\"og:type\" content=\"article\" \/>\n<meta property=\"og:title\" content=\"Elevadores para Parking | Automaquinaria V\u00e1zquez\" \/>\n<meta property=\"og:description\" content=\"Elevadores para Parking 2x1 Ideal para parkings privados y comunitarios, garajes p\u00fablicos, f\u00e1bricas, chalets, zonas c\u00e9ntricas de oficinas\u2026 Parking 2x1\" \/>\n<meta property=\"og:url\" content=\"https:\/\/automaquinariavazquez.es\/en\/elevadores-para-parking\/\" \/>\n<meta property=\"og:site_name\" content=\"Automaquinaria V\u00e1zquez\" \/>\n<meta property=\"article:modified_time\" content=\"2025-10-15T14:16:35+00:00\" \/>\n<meta property=\"og:image\" content=\"https:\/\/automaquinariavazquez.es\/wp-content\/uploads\/2025\/10\/parkin-2x1-1.jpg\" \/>\n\t<meta property=\"og:image:width\" content=\"800\" \/>\n\t<meta property=\"og:image:height\" content=\"599\" \/>\n\t<meta property=\"og:image:type\" content=\"image\/jpeg\" \/>\n<meta name=\"twitter:card\" content=\"summary_large_image\" \/>\n<meta name=\"twitter:label1\" content=\"Estimated reading time\" \/>\n\t<meta name=\"twitter:data1\" content=\"1 minute\" \/>\n<script type=\"application\/ld+json\" class=\"yoast-schema-graph\">{\"@context\":\"https:\/\/schema.org\",\"@graph\":[{\"@type\":\"WebPage\",\"@id\":\"https:\/\/automaquinariavazquez.es\/elevadores-para-parking\/\",\"url\":\"https:\/\/automaquinariavazquez.es\/elevadores-para-parking\/\",\"name\":\"Elevadores para Parking | Automaquinaria V\u00e1zquez\",\"isPartOf\":{\"@id\":\"https:\/\/automaquinariavazquez.es\/#website\"},\"primaryImageOfPage\":{\"@id\":\"https:\/\/automaquinariavazquez.es\/elevadores-para-parking\/#primaryimage\"},\"image\":{\"@id\":\"https:\/\/automaquinariavazquez.es\/elevadores-para-parking\/#primaryimage\"},\"thumbnailUrl\":\"https:\/\/automaquinariavazquez.es\/wp-content\/uploads\/2025\/10\/parkin-2x1-1.jpg\",\"datePublished\":\"2025-10-15T10:32:55+00:00\",\"dateModified\":\"2025-10-15T14:16:35+00:00\",\"description\":\"Elevadores para Parking 2x1 Ideal para parkings privados y comunitarios, garajes p\u00fablicos, f\u00e1bricas, chalets, zonas c\u00e9ntricas de oficinas\u2026 Parking 2x1\",\"breadcrumb\":{\"@id\":\"https:\/\/automaquinariavazquez.es\/elevadores-para-parking\/#breadcrumb\"},\"inLanguage\":\"en-GB\",\"potentialAction\":[{\"@type\":\"ReadAction\",\"target\":[\"https:\/\/automaquinariavazquez.es\/elevadores-para-parking\/\"]}]},{\"@type\":\"ImageObject\",\"inLanguage\":\"en-GB\",\"@id\":\"https:\/\/automaquinariavazquez.es\/elevadores-para-parking\/#primaryimage\",\"url\":\"https:\/\/automaquinariavazquez.es\/wp-content\/uploads\/2025\/10\/parkin-2x1-1.jpg\",\"contentUrl\":\"https:\/\/automaquinariavazquez.es\/wp-content\/uploads\/2025\/10\/parkin-2x1-1.jpg\"},{\"@type\":\"BreadcrumbList\",\"@id\":\"https:\/\/automaquinariavazquez.es\/elevadores-para-parking\/#breadcrumb\",\"itemListElement\":[{\"@type\":\"ListItem\",\"position\":1,\"name\":\"Portada\",\"item\":\"https:\/\/automaquinariavazquez.es\/\"},{\"@type\":\"ListItem\",\"position\":2,\"name\":\"Elevadores para Parking\"}]},{\"@type\":\"WebSite\",\"@id\":\"https:\/\/automaquinariavazquez.es\/#website\",\"url\":\"https:\/\/automaquinariavazquez.es\/\",\"name\":\"Automaquinaria V\u00e1zquez\",\"description\":\"Especialistas en elevadores\",\"publisher\":{\"@id\":\"https:\/\/automaquinariavazquez.es\/#organization\"},\"alternateName\":\"Automaquinaria V\u00e1zquez\",\"potentialAction\":[{\"@type\":\"SearchAction\",\"target\":{\"@type\":\"EntryPoint\",\"urlTemplate\":\"https:\/\/automaquinariavazquez.es\/?s={search_term_string}\"},\"query-input\":{\"@type\":\"PropertyValueSpecification\",\"valueRequired\":true,\"valueName\":\"search_term_string\"}}],\"inLanguage\":\"en-GB\"},{\"@type\":\"Organization\",\"@id\":\"https:\/\/automaquinariavazquez.es\/#organization\",\"name\":\"Automaquinaria V\u00e1zquez\",\"url\":\"https:\/\/automaquinariavazquez.es\/\",\"logo\":{\"@type\":\"ImageObject\",\"inLanguage\":\"en-GB\",\"@id\":\"https:\/\/automaquinariavazquez.es\/#\/schema\/logo\/image\/\",\"url\":\"https:\/\/automaquinariavazquez.es\/wp-content\/uploads\/2025\/09\/cropped-automaquinaria-logo-web.png\",\"contentUrl\":\"https:\/\/automaquinariavazquez.es\/wp-content\/uploads\/2025\/09\/cropped-automaquinaria-logo-web.png\",\"width\":250,\"height\":250,\"caption\":\"Automaquinaria V\u00e1zquez\"},\"image\":{\"@id\":\"https:\/\/automaquinariavazquez.es\/#\/schema\/logo\/image\/\"}}]}<\/script>\n<!-- \/ Yoast SEO plugin. -->","yoast_head_json":{"title":"Elevadores para Parking | Automaquinaria V\u00e1zquez","description":"Elevadores para Parking 2x1 Ideal para parkings privados y comunitarios, garajes p\u00fablicos, f\u00e1bricas, chalets, zonas c\u00e9ntricas de oficinas\u2026 Parking 2x1","robots":{"index":"index","follow":"follow","max-snippet":"max-snippet:-1","max-image-preview":"max-image-preview:large","max-video-preview":"max-video-preview:-1"},"canonical":"https:\/\/automaquinariavazquez.es\/en\/elevadores-para-parking\/","og_locale":"en_GB","og_type":"article","og_title":"Elevadores para Parking | Automaquinaria V\u00e1zquez","og_description":"Elevadores para Parking 2x1 Ideal para parkings privados y comunitarios, garajes p\u00fablicos, f\u00e1bricas, chalets, zonas c\u00e9ntricas de oficinas\u2026 Parking 2x1","og_url":"https:\/\/automaquinariavazquez.es\/en\/elevadores-para-parking\/","og_site_name":"Automaquinaria V\u00e1zquez","article_modified_time":"2025-10-15T14:16:35+00:00","og_image":[{"width":800,"height":599,"url":"https:\/\/automaquinariavazquez.es\/wp-content\/uploads\/2025\/10\/parkin-2x1-1.jpg","type":"image\/jpeg"}],"twitter_card":"summary_large_image","twitter_misc":{"Estimated reading time":"1 minute"},"schema":{"@context":"https:\/\/schema.org","@graph":[{"@type":"WebPage","@id":"https:\/\/automaquinariavazquez.es\/elevadores-para-parking\/","url":"https:\/\/automaquinariavazquez.es\/elevadores-para-parking\/","name":"Elevadores para Parking | Automaquinaria V\u00e1zquez","isPartOf":{"@id":"https:\/\/automaquinariavazquez.es\/#website"},"primaryImageOfPage":{"@id":"https:\/\/automaquinariavazquez.es\/elevadores-para-parking\/#primaryimage"},"image":{"@id":"https:\/\/automaquinariavazquez.es\/elevadores-para-parking\/#primaryimage"},"thumbnailUrl":"https:\/\/automaquinariavazquez.es\/wp-content\/uploads\/2025\/10\/parkin-2x1-1.jpg","datePublished":"2025-10-15T10:32:55+00:00","dateModified":"2025-10-15T14:16:35+00:00","description":"Elevadores para Parking 2x1 Ideal para parkings privados y comunitarios, garajes p\u00fablicos, f\u00e1bricas, chalets, zonas c\u00e9ntricas de oficinas\u2026 Parking 2x1","breadcrumb":{"@id":"https:\/\/automaquinariavazquez.es\/elevadores-para-parking\/#breadcrumb"},"inLanguage":"en-GB","potentialAction":[{"@type":"ReadAction","target":["https:\/\/automaquinariavazquez.es\/elevadores-para-parking\/"]}]},{"@type":"ImageObject","inLanguage":"en-GB","@id":"https:\/\/automaquinariavazquez.es\/elevadores-para-parking\/#primaryimage","url":"https:\/\/automaquinariavazquez.es\/wp-content\/uploads\/2025\/10\/parkin-2x1-1.jpg","contentUrl":"https:\/\/automaquinariavazquez.es\/wp-content\/uploads\/2025\/10\/parkin-2x1-1.jpg"},{"@type":"BreadcrumbList","@id":"https:\/\/automaquinariavazquez.es\/elevadores-para-parking\/#breadcrumb","itemListElement":[{"@type":"ListItem","position":1,"name":"Portada","item":"https:\/\/automaquinariavazquez.es\/"},{"@type":"ListItem","position":2,"name":"Elevadores para Parking"}]},{"@type":"WebSite","@id":"https:\/\/automaquinariavazquez.es\/#website","url":"https:\/\/automaquinariavazquez.es\/","name":"Automaquinaria V\u00e1zquez","description":"Especialistas en elevadores","publisher":{"@id":"https:\/\/automaquinariavazquez.es\/#organization"},"alternateName":"Automaquinaria V\u00e1zquez","potentialAction":[{"@type":"SearchAction","target":{"@type":"EntryPoint","urlTemplate":"https:\/\/automaquinariavazquez.es\/?s={search_term_string}"},"query-input":{"@type":"PropertyValueSpecification","valueRequired":true,"valueName":"search_term_string"}}],"inLanguage":"en-GB"},{"@type":"Organization","@id":"https:\/\/automaquinariavazquez.es\/#organization","name":"Automaquinaria V\u00e1zquez","url":"https:\/\/automaquinariavazquez.es\/","logo":{"@type":"ImageObject","inLanguage":"en-GB","@id":"https:\/\/automaquinariavazquez.es\/#\/schema\/logo\/image\/","url":"https:\/\/automaquinariavazquez.es\/wp-content\/uploads\/2025\/09\/cropped-automaquinaria-logo-web.png","contentUrl":"https:\/\/automaquinariavazquez.es\/wp-content\/uploads\/2025\/09\/cropped-automaquinaria-logo-web.png","width":250,"height":250,"caption":"Automaquinaria V\u00e1zquez"},"image":{"@id":"https:\/\/automaquinariavazquez.es\/#\/schema\/logo\/image\/"}}]}},"_links":{"self":[{"href":"https:\/\/automaquinariavazquez.es\/en\/wp-json\/wp\/v2\/pages\/7113","targetHints":{"allow":["GET"]}}],"collection":[{"href":"https:\/\/automaquinariavazquez.es\/en\/wp-json\/wp\/v2\/pages"}],"about":[{"href":"https:\/\/automaquinariavazquez.es\/en\/wp-json\/wp\/v2\/types\/page"}],"author":[{"embeddable":true,"href":"https:\/\/automaquinariavazquez.es\/en\/wp-json\/wp\/v2\/users\/1"}],"replies":[{"embeddable":true,"href":"https:\/\/automaquinariavazquez.es\/en\/wp-json\/wp\/v2\/comments?post=7113"}],"version-history":[{"count":10,"href":"https:\/\/automaquinariavazquez.es\/en\/wp-json\/wp\/v2\/pages\/7113\/revisions"}],"predecessor-version":[{"id":7138,"href":"https:\/\/automaquinariavazquez.es\/en\/wp-json\/wp\/v2\/pages\/7113\/revisions\/7138"}],"wp:attachment":[{"href":"https:\/\/automaquinariavazquez.es\/en\/wp-json\/wp\/v2\/media?parent=7113"}],"curies":[{"name":"wp","href":"https:\/\/api.w.org\/{rel}","templated":true}]}}