{"id":7091,"date":"2025-10-15T09:51:57","date_gmt":"2025-10-15T09:51:57","guid":{"rendered":"https:\/\/automaquinariavazquez.es\/?page_id=7091"},"modified":"2025-10-15T14:25:20","modified_gmt":"2025-10-15T14:25:20","slug":"mesa-de-motos","status":"publish","type":"page","link":"https:\/\/automaquinariavazquez.es\/en\/mesa-de-motos\/","title":{"rendered":"Mesa de motos"},"content":{"rendered":"<div data-elementor-type=\"wp-page\" data-elementor-id=\"7091\" class=\"elementor elementor-7091\" data-elementor-post-type=\"page\">\n\t\t\t\t<div class=\"elementor-element elementor-element-d6dce42 e-flex e-con-boxed e-con e-parent\" data-id=\"d6dce42\" data-element_type=\"container\" data-e-type=\"container\">\n\t\t\t\t\t<div class=\"e-con-inner\">\n\t\t<div class=\"elementor-element elementor-element-c30f8a1 e-con-full e-flex e-con e-child\" data-id=\"c30f8a1\" data-element_type=\"container\" data-e-type=\"container\">\n\t\t\t\t<div class=\"elementor-element elementor-element-50c75fa elementor-widget elementor-widget-image\" data-id=\"50c75fa\" data-element_type=\"widget\" data-e-type=\"widget\" data-widget_type=\"image.default\">\n\t\t\t\t\t\t\t\t\t\t\t\t\t\t\t<img fetchpriority=\"high\" decoding=\"async\" width=\"525\" height=\"315\" src=\"https:\/\/automaquinariavazquez.es\/wp-content\/uploads\/2025\/10\/mesa-de-motos-1.jpg\" class=\"attachment-large size-large wp-image-7102\" alt=\"Automaquinaria V\u00e1zquez|Mesa de motos\" srcset=\"https:\/\/automaquinariavazquez.es\/wp-content\/uploads\/2025\/10\/mesa-de-motos-1.jpg 1000w, https:\/\/automaquinariavazquez.es\/wp-content\/uploads\/2025\/10\/mesa-de-motos-1-300x180.jpg 300w, https:\/\/automaquinariavazquez.es\/wp-content\/uploads\/2025\/10\/mesa-de-motos-1-768x461.jpg 768w, https:\/\/automaquinariavazquez.es\/wp-content\/uploads\/2025\/10\/mesa-de-motos-1-18x12.jpg 18w\" sizes=\"(max-width: 525px) 100vw, 525px\" title=\"mesa-de-motos-1\" \/>\t\t\t\t\t\t\t\t\t\t\t\t\t\t\t<\/div>\n\t\t\t\t<\/div>\n\t\t<div class=\"elementor-element elementor-element-ef380be e-con-full e-flex e-con e-child\" data-id=\"ef380be\" data-element_type=\"container\" data-e-type=\"container\">\n\t\t\t\t<div class=\"elementor-element elementor-element-ab0add3 elementor-widget elementor-widget-heading\" data-id=\"ab0add3\" data-element_type=\"widget\" data-e-type=\"widget\" data-widget_type=\"heading.default\">\n\t\t\t\t\t<h1 class=\"elementor-heading-title elementor-size-default\">Hydraulic Motorcycle Table<\/h1>\t\t\t\t<\/div>\n\t\t\t\t<div class=\"elementor-element elementor-element-f81e429 elementor-widget elementor-widget-text-editor\" data-id=\"f81e429\" data-element_type=\"widget\" data-e-type=\"widget\" data-widget_type=\"text-editor.default\">\n\t\t\t\t\t\t\t\t\t<p><strong>Model for city scooters and large road bikes. Designed for the professional market.<\/strong><\/p>\t\t\t\t\t\t\t\t<\/div>\n\t\t\t\t<div class=\"elementor-element elementor-element-bbef898 elementor-widget elementor-widget-heading\" data-id=\"bbef898\" data-element_type=\"widget\" data-e-type=\"widget\" data-widget_type=\"heading.default\">\n\t\t\t\t\t<h2 class=\"elementor-heading-title elementor-size-default\">Hydraulic wheel service<\/h2>\t\t\t\t<\/div>\n\t\t\t\t<div class=\"elementor-element elementor-element-f723710 elementor-widget elementor-widget-text-editor\" data-id=\"f723710\" data-element_type=\"widget\" data-e-type=\"widget\" data-widget_type=\"text-editor.default\">\n\t\t\t\t\t\t\t\t\t<p>The motorcycle table for the demanding motorcycle repair professional.\u00a0\u00a0<\/p><p><strong>\u2022 <\/strong>Look for comfort, speed and productivity in your work.<\/p><p><strong>\u2022 <\/strong>Hydraulic motorcycle table with a capacity of 750 kg.<\/p><p><strong>\u2022 <\/strong>Ideal for all types of motorcycles.<\/p><p><strong>\u2022 <\/strong>Seguros mec\u00e1nicos de accionamiento neum\u00e1tico autom\u00e1ticos.<\/p><p><strong>\u2022 <\/strong>Locking system at different heights.<\/p><p><strong>\u2022 <\/strong>Folding front and rear trays, for front and rear free wheels.<\/p><p><strong>\u2022 <\/strong>Includes manual clamp.<\/p><p><strong>\u2022 <\/strong>Mobile console with electric controls and movable hydraulic group.<\/p><p><strong>Quality<\/strong><\/p><p><strong>\u2022 <\/strong>Garant\u00eda CE.<\/p><p><strong>\u2022 <\/strong>Robustness, reliability and simplicity.<\/p><p><strong>Functionality<\/strong><\/p><p><strong>\u2022 <\/strong>Versatility and reduced space.<\/p><p><strong>\u2022 <\/strong>Easy installation and maintenance.<\/p><p><strong>Security<\/strong><\/p><p><strong>\u2022 <\/strong>Seguridad hidr\u00e1ulica y mec\u00e1nica.<\/p><p><strong>\u2022 <\/strong>CE safety standards, certified by Bureau Veritas and T\u00dcV.<\/p>\t\t\t\t\t\t\t\t<\/div>\n\t\t\t\t<\/div>\n\t\t\t\t\t<\/div>\n\t\t\t\t<\/div>\n\t\t<div class=\"elementor-element elementor-element-172f532 e-flex e-con-boxed e-con e-parent\" data-id=\"172f532\" data-element_type=\"container\" data-e-type=\"container\">\n\t\t\t\t\t<div class=\"e-con-inner\">\n\t\t<div class=\"elementor-element elementor-element-63f5715 e-con-full e-flex e-con e-child\" data-id=\"63f5715\" data-element_type=\"container\" data-e-type=\"container\">\n\t\t\t\t<div class=\"elementor-element elementor-element-93ed094 elementor-widget elementor-widget-image\" data-id=\"93ed094\" data-element_type=\"widget\" data-e-type=\"widget\" data-widget_type=\"image.default\">\n\t\t\t\t\t\t\t\t\t\t\t\t\t\t\t<img decoding=\"async\" width=\"525\" height=\"315\" src=\"https:\/\/automaquinariavazquez.es\/wp-content\/uploads\/2025\/10\/mesa-de-motos.jpg\" class=\"attachment-large size-large wp-image-7103\" alt=\"Automaquinaria V\u00e1zquez|Mesa de motos\" srcset=\"https:\/\/automaquinariavazquez.es\/wp-content\/uploads\/2025\/10\/mesa-de-motos.jpg 1000w, https:\/\/automaquinariavazquez.es\/wp-content\/uploads\/2025\/10\/mesa-de-motos-300x180.jpg 300w, https:\/\/automaquinariavazquez.es\/wp-content\/uploads\/2025\/10\/mesa-de-motos-768x461.jpg 768w, https:\/\/automaquinariavazquez.es\/wp-content\/uploads\/2025\/10\/mesa-de-motos-18x12.jpg 18w\" sizes=\"(max-width: 525px) 100vw, 525px\" title=\"mesa-de-motos\" \/>\t\t\t\t\t\t\t\t\t\t\t\t\t\t\t<\/div>\n\t\t\t\t<\/div>\n\t\t<div class=\"elementor-element elementor-element-84edfe0 e-con-full e-flex e-con e-child\" data-id=\"84edfe0\" data-element_type=\"container\" data-e-type=\"container\">\n\t\t\t\t<div class=\"elementor-element elementor-element-e6f3851 elementor-widget elementor-widget-heading\" data-id=\"e6f3851\" data-element_type=\"widget\" data-e-type=\"widget\" data-widget_type=\"heading.default\">\n\t\t\t\t\t<h2 class=\"elementor-heading-title elementor-size-default\">Characteristics<\/h2>\t\t\t\t<\/div>\n\t\t\t\t<div class=\"elementor-element elementor-element-d1b8ba4 elementor-icon-list--layout-traditional elementor-list-item-link-full_width elementor-widget elementor-widget-icon-list\" data-id=\"d1b8ba4\" data-element_type=\"widget\" data-e-type=\"widget\" data-widget_type=\"icon-list.default\">\n\t\t\t\t\t\t\t<ul class=\"elementor-icon-list-items\">\n\t\t\t\t\t\t\t<li class=\"elementor-icon-list-item\">\n\t\t\t\t\t\t\t\t\t\t\t<span class=\"elementor-icon-list-icon\">\n\t\t\t\t\t\t\t<svg aria-hidden=\"true\" class=\"e-font-icon-svg e-fas-check\" viewbox=\"0 0 512 512\" xmlns=\"http:\/\/www.w3.org\/2000\/svg\"><path d=\"M173.898 439.404l-166.4-166.4c-9.997-9.997-9.997-26.206 0-36.204l36.203-36.204c9.997-9.998 26.207-9.998 36.204 0L192 312.69 432.095 72.596c9.997-9.997 26.207-9.997 36.204 0l36.203 36.204c9.997 9.997 9.997 26.206 0 36.204l-294.4 294.401c-9.998 9.997-26.207 9.997-36.204-.001z\"><\/path><\/svg>\t\t\t\t\t\t<\/span>\n\t\t\t\t\t\t\t\t\t\t<span class=\"elementor-icon-list-text\">Model for city scooters and large road bikes.<\/span>\n\t\t\t\t\t\t\t\t\t<\/li>\n\t\t\t\t\t\t\t\t<li class=\"elementor-icon-list-item\">\n\t\t\t\t\t\t\t\t\t\t\t<span class=\"elementor-icon-list-icon\">\n\t\t\t\t\t\t\t<svg aria-hidden=\"true\" class=\"e-font-icon-svg e-fas-check\" viewbox=\"0 0 512 512\" xmlns=\"http:\/\/www.w3.org\/2000\/svg\"><path d=\"M173.898 439.404l-166.4-166.4c-9.997-9.997-9.997-26.206 0-36.204l36.203-36.204c9.997-9.998 26.207-9.998 36.204 0L192 312.69 432.095 72.596c9.997-9.997 26.207-9.997 36.204 0l36.203 36.204c9.997 9.997 9.997 26.206 0 36.204l-294.4 294.401c-9.998 9.997-26.207 9.997-36.204-.001z\"><\/path><\/svg>\t\t\t\t\t\t<\/span>\n\t\t\t\t\t\t\t\t\t\t<span class=\"elementor-icon-list-text\">Intended for the professional market. <\/span>\n\t\t\t\t\t\t\t\t\t<\/li>\n\t\t\t\t\t\t\t\t<li class=\"elementor-icon-list-item\">\n\t\t\t\t\t\t\t\t\t\t\t<span class=\"elementor-icon-list-icon\">\n\t\t\t\t\t\t\t<svg aria-hidden=\"true\" class=\"e-font-icon-svg e-fas-check\" viewbox=\"0 0 512 512\" xmlns=\"http:\/\/www.w3.org\/2000\/svg\"><path d=\"M173.898 439.404l-166.4-166.4c-9.997-9.997-9.997-26.206 0-36.204l36.203-36.204c9.997-9.998 26.207-9.998 36.204 0L192 312.69 432.095 72.596c9.997-9.997 26.207-9.997 36.204 0l36.203 36.204c9.997 9.997 9.997 26.206 0 36.204l-294.4 294.401c-9.998 9.997-26.207 9.997-36.204-.001z\"><\/path><\/svg>\t\t\t\t\t\t<\/span>\n\t\t\t\t\t\t\t\t\t\t<span class=\"elementor-icon-list-text\">\u00danico modelo con funci\u00f3n ruedas libres delantera y trasera.<\/span>\n\t\t\t\t\t\t\t\t\t<\/li>\n\t\t\t\t\t\t\t\t<li class=\"elementor-icon-list-item\">\n\t\t\t\t\t\t\t\t\t\t\t<span class=\"elementor-icon-list-icon\">\n\t\t\t\t\t\t\t<svg aria-hidden=\"true\" class=\"e-font-icon-svg e-fas-check\" viewbox=\"0 0 512 512\" xmlns=\"http:\/\/www.w3.org\/2000\/svg\"><path d=\"M173.898 439.404l-166.4-166.4c-9.997-9.997-9.997-26.206 0-36.204l36.203-36.204c9.997-9.998 26.207-9.998 36.204 0L192 312.69 432.095 72.596c9.997-9.997 26.207-9.997 36.204 0l36.203 36.204c9.997 9.997 9.997 26.206 0 36.204l-294.4 294.401c-9.998 9.997-26.207 9.997-36.204-.001z\"><\/path><\/svg>\t\t\t\t\t\t<\/span>\n\t\t\t\t\t\t\t\t\t\t<span class=\"elementor-icon-list-text\">Attractive design and fully equipped as standard. <\/span>\n\t\t\t\t\t\t\t\t\t<\/li>\n\t\t\t\t\t\t\t\t<li class=\"elementor-icon-list-item\">\n\t\t\t\t\t\t\t\t\t\t\t<span class=\"elementor-icon-list-icon\">\n\t\t\t\t\t\t\t<svg aria-hidden=\"true\" class=\"e-font-icon-svg e-fas-check\" viewbox=\"0 0 512 512\" xmlns=\"http:\/\/www.w3.org\/2000\/svg\"><path d=\"M173.898 439.404l-166.4-166.4c-9.997-9.997-9.997-26.206 0-36.204l36.203-36.204c9.997-9.998 26.207-9.998 36.204 0L192 312.69 432.095 72.596c9.997-9.997 26.207-9.997 36.204 0l36.203 36.204c9.997 9.997 9.997 26.206 0 36.204l-294.4 294.401c-9.998 9.997-26.207 9.997-36.204-.001z\"><\/path><\/svg>\t\t\t\t\t\t<\/span>\n\t\t\t\t\t\t\t\t\t\t<span class=\"elementor-icon-list-text\">Professional hydraulic drive and mechanical safety features.<\/span>\n\t\t\t\t\t\t\t\t\t<\/li>\n\t\t\t\t\t\t<\/ul>\n\t\t\t\t\t\t<\/div>\n\t\t\t\t<\/div>\n\t\t\t\t\t<\/div>\n\t\t\t\t<\/div>\n\t\t\t\t<\/div>","protected":false},"excerpt":{"rendered":"<p>Mesa de Motos Hidr\u00e1ulica Modelo para motos de ciudad tipo \u201cScooter\u201d y para grandes motos de carretera. Destinada al mercado profesional. Servicio de ruedas hidr\u00e1ulico La mesa de motos del profesional exigente de la reparaci\u00f3n de las motos.\u00a0\u00a0 \u2022 Busca comodidad, rapidez y productividad en tu trabajo. \u2022 Mesa de motos hidr\u00e1ulica con capacidad para [&hellip;]<\/p>\n","protected":false},"author":1,"featured_media":0,"parent":0,"menu_order":0,"comment_status":"closed","ping_status":"closed","template":"tpl-default-elementor.php","meta":{"footnotes":""},"class_list":["post-7091","page","type-page","status-publish","hentry"],"yoast_head":"<!-- This site is optimized with the Yoast SEO plugin v27.0 - https:\/\/yoast.com\/product\/yoast-seo-wordpress\/ -->\n<title>Mesa de motos | Automaquinaria V\u00e1zquez<\/title>\n<meta name=\"description\" content=\"Mesa de Motos Hidr\u00e1ulica Modelo para motos de ciudad tipo \u201cScooter\u201d y para grandes motos de carretera. Destinada al mercado profesional. Servicio de\" \/>\n<meta name=\"robots\" content=\"index, follow, max-snippet:-1, max-image-preview:large, max-video-preview:-1\" \/>\n<link rel=\"canonical\" href=\"https:\/\/automaquinariavazquez.es\/en\/mesa-de-motos\/\" \/>\n<meta property=\"og:locale\" content=\"en_GB\" \/>\n<meta property=\"og:type\" content=\"article\" \/>\n<meta property=\"og:title\" content=\"Mesa de motos | Automaquinaria V\u00e1zquez\" \/>\n<meta property=\"og:description\" content=\"Mesa de Motos Hidr\u00e1ulica Modelo para motos de ciudad tipo \u201cScooter\u201d y para grandes motos de carretera. Destinada al mercado profesional. Servicio de\" \/>\n<meta property=\"og:url\" content=\"https:\/\/automaquinariavazquez.es\/en\/mesa-de-motos\/\" \/>\n<meta property=\"og:site_name\" content=\"Automaquinaria V\u00e1zquez\" \/>\n<meta property=\"article:modified_time\" content=\"2025-10-15T14:25:20+00:00\" \/>\n<meta property=\"og:image\" content=\"https:\/\/automaquinariavazquez.es\/wp-content\/uploads\/2025\/10\/mesa-de-motos-1.jpg\" \/>\n\t<meta property=\"og:image:width\" content=\"1000\" \/>\n\t<meta property=\"og:image:height\" content=\"600\" \/>\n\t<meta property=\"og:image:type\" content=\"image\/jpeg\" \/>\n<meta name=\"twitter:card\" content=\"summary_large_image\" \/>\n<meta name=\"twitter:label1\" content=\"Estimated reading time\" \/>\n\t<meta name=\"twitter:data1\" content=\"1 minute\" \/>\n<script type=\"application\/ld+json\" class=\"yoast-schema-graph\">{\"@context\":\"https:\/\/schema.org\",\"@graph\":[{\"@type\":\"WebPage\",\"@id\":\"https:\/\/automaquinariavazquez.es\/mesa-de-motos\/\",\"url\":\"https:\/\/automaquinariavazquez.es\/mesa-de-motos\/\",\"name\":\"Mesa de motos | Automaquinaria V\u00e1zquez\",\"isPartOf\":{\"@id\":\"https:\/\/automaquinariavazquez.es\/#website\"},\"primaryImageOfPage\":{\"@id\":\"https:\/\/automaquinariavazquez.es\/mesa-de-motos\/#primaryimage\"},\"image\":{\"@id\":\"https:\/\/automaquinariavazquez.es\/mesa-de-motos\/#primaryimage\"},\"thumbnailUrl\":\"https:\/\/automaquinariavazquez.es\/wp-content\/uploads\/2025\/10\/mesa-de-motos-1.jpg\",\"datePublished\":\"2025-10-15T09:51:57+00:00\",\"dateModified\":\"2025-10-15T14:25:20+00:00\",\"description\":\"Mesa de Motos Hidr\u00e1ulica Modelo para motos de ciudad tipo \u201cScooter\u201d y para grandes motos de carretera. Destinada al mercado profesional. Servicio de\",\"breadcrumb\":{\"@id\":\"https:\/\/automaquinariavazquez.es\/mesa-de-motos\/#breadcrumb\"},\"inLanguage\":\"en-GB\",\"potentialAction\":[{\"@type\":\"ReadAction\",\"target\":[\"https:\/\/automaquinariavazquez.es\/mesa-de-motos\/\"]}]},{\"@type\":\"ImageObject\",\"inLanguage\":\"en-GB\",\"@id\":\"https:\/\/automaquinariavazquez.es\/mesa-de-motos\/#primaryimage\",\"url\":\"https:\/\/automaquinariavazquez.es\/wp-content\/uploads\/2025\/10\/mesa-de-motos-1.jpg\",\"contentUrl\":\"https:\/\/automaquinariavazquez.es\/wp-content\/uploads\/2025\/10\/mesa-de-motos-1.jpg\"},{\"@type\":\"BreadcrumbList\",\"@id\":\"https:\/\/automaquinariavazquez.es\/mesa-de-motos\/#breadcrumb\",\"itemListElement\":[{\"@type\":\"ListItem\",\"position\":1,\"name\":\"Portada\",\"item\":\"https:\/\/automaquinariavazquez.es\/\"},{\"@type\":\"ListItem\",\"position\":2,\"name\":\"Mesa de motos\"}]},{\"@type\":\"WebSite\",\"@id\":\"https:\/\/automaquinariavazquez.es\/#website\",\"url\":\"https:\/\/automaquinariavazquez.es\/\",\"name\":\"Automaquinaria V\u00e1zquez\",\"description\":\"Especialistas en elevadores\",\"publisher\":{\"@id\":\"https:\/\/automaquinariavazquez.es\/#organization\"},\"alternateName\":\"Automaquinaria V\u00e1zquez\",\"potentialAction\":[{\"@type\":\"SearchAction\",\"target\":{\"@type\":\"EntryPoint\",\"urlTemplate\":\"https:\/\/automaquinariavazquez.es\/?s={search_term_string}\"},\"query-input\":{\"@type\":\"PropertyValueSpecification\",\"valueRequired\":true,\"valueName\":\"search_term_string\"}}],\"inLanguage\":\"en-GB\"},{\"@type\":\"Organization\",\"@id\":\"https:\/\/automaquinariavazquez.es\/#organization\",\"name\":\"Automaquinaria V\u00e1zquez\",\"url\":\"https:\/\/automaquinariavazquez.es\/\",\"logo\":{\"@type\":\"ImageObject\",\"inLanguage\":\"en-GB\",\"@id\":\"https:\/\/automaquinariavazquez.es\/#\/schema\/logo\/image\/\",\"url\":\"https:\/\/automaquinariavazquez.es\/wp-content\/uploads\/2025\/09\/cropped-automaquinaria-logo-web.png\",\"contentUrl\":\"https:\/\/automaquinariavazquez.es\/wp-content\/uploads\/2025\/09\/cropped-automaquinaria-logo-web.png\",\"width\":250,\"height\":250,\"caption\":\"Automaquinaria V\u00e1zquez\"},\"image\":{\"@id\":\"https:\/\/automaquinariavazquez.es\/#\/schema\/logo\/image\/\"}}]}<\/script>\n<!-- \/ Yoast SEO plugin. -->","yoast_head_json":{"title":"Mesa de motos | Automaquinaria V\u00e1zquez","description":"Mesa de Motos Hidr\u00e1ulica Modelo para motos de ciudad tipo \u201cScooter\u201d y para grandes motos de carretera. Destinada al mercado profesional. Servicio de","robots":{"index":"index","follow":"follow","max-snippet":"max-snippet:-1","max-image-preview":"max-image-preview:large","max-video-preview":"max-video-preview:-1"},"canonical":"https:\/\/automaquinariavazquez.es\/en\/mesa-de-motos\/","og_locale":"en_GB","og_type":"article","og_title":"Mesa de motos | Automaquinaria V\u00e1zquez","og_description":"Mesa de Motos Hidr\u00e1ulica Modelo para motos de ciudad tipo \u201cScooter\u201d y para grandes motos de carretera. Destinada al mercado profesional. Servicio de","og_url":"https:\/\/automaquinariavazquez.es\/en\/mesa-de-motos\/","og_site_name":"Automaquinaria V\u00e1zquez","article_modified_time":"2025-10-15T14:25:20+00:00","og_image":[{"width":1000,"height":600,"url":"https:\/\/automaquinariavazquez.es\/wp-content\/uploads\/2025\/10\/mesa-de-motos-1.jpg","type":"image\/jpeg"}],"twitter_card":"summary_large_image","twitter_misc":{"Estimated reading time":"1 minute"},"schema":{"@context":"https:\/\/schema.org","@graph":[{"@type":"WebPage","@id":"https:\/\/automaquinariavazquez.es\/mesa-de-motos\/","url":"https:\/\/automaquinariavazquez.es\/mesa-de-motos\/","name":"Mesa de motos | Automaquinaria V\u00e1zquez","isPartOf":{"@id":"https:\/\/automaquinariavazquez.es\/#website"},"primaryImageOfPage":{"@id":"https:\/\/automaquinariavazquez.es\/mesa-de-motos\/#primaryimage"},"image":{"@id":"https:\/\/automaquinariavazquez.es\/mesa-de-motos\/#primaryimage"},"thumbnailUrl":"https:\/\/automaquinariavazquez.es\/wp-content\/uploads\/2025\/10\/mesa-de-motos-1.jpg","datePublished":"2025-10-15T09:51:57+00:00","dateModified":"2025-10-15T14:25:20+00:00","description":"Mesa de Motos Hidr\u00e1ulica Modelo para motos de ciudad tipo \u201cScooter\u201d y para grandes motos de carretera. Destinada al mercado profesional. Servicio de","breadcrumb":{"@id":"https:\/\/automaquinariavazquez.es\/mesa-de-motos\/#breadcrumb"},"inLanguage":"en-GB","potentialAction":[{"@type":"ReadAction","target":["https:\/\/automaquinariavazquez.es\/mesa-de-motos\/"]}]},{"@type":"ImageObject","inLanguage":"en-GB","@id":"https:\/\/automaquinariavazquez.es\/mesa-de-motos\/#primaryimage","url":"https:\/\/automaquinariavazquez.es\/wp-content\/uploads\/2025\/10\/mesa-de-motos-1.jpg","contentUrl":"https:\/\/automaquinariavazquez.es\/wp-content\/uploads\/2025\/10\/mesa-de-motos-1.jpg"},{"@type":"BreadcrumbList","@id":"https:\/\/automaquinariavazquez.es\/mesa-de-motos\/#breadcrumb","itemListElement":[{"@type":"ListItem","position":1,"name":"Portada","item":"https:\/\/automaquinariavazquez.es\/"},{"@type":"ListItem","position":2,"name":"Mesa de motos"}]},{"@type":"WebSite","@id":"https:\/\/automaquinariavazquez.es\/#website","url":"https:\/\/automaquinariavazquez.es\/","name":"Automaquinaria V\u00e1zquez","description":"Especialistas en elevadores","publisher":{"@id":"https:\/\/automaquinariavazquez.es\/#organization"},"alternateName":"Automaquinaria V\u00e1zquez","potentialAction":[{"@type":"SearchAction","target":{"@type":"EntryPoint","urlTemplate":"https:\/\/automaquinariavazquez.es\/?s={search_term_string}"},"query-input":{"@type":"PropertyValueSpecification","valueRequired":true,"valueName":"search_term_string"}}],"inLanguage":"en-GB"},{"@type":"Organization","@id":"https:\/\/automaquinariavazquez.es\/#organization","name":"Automaquinaria V\u00e1zquez","url":"https:\/\/automaquinariavazquez.es\/","logo":{"@type":"ImageObject","inLanguage":"en-GB","@id":"https:\/\/automaquinariavazquez.es\/#\/schema\/logo\/image\/","url":"https:\/\/automaquinariavazquez.es\/wp-content\/uploads\/2025\/09\/cropped-automaquinaria-logo-web.png","contentUrl":"https:\/\/automaquinariavazquez.es\/wp-content\/uploads\/2025\/09\/cropped-automaquinaria-logo-web.png","width":250,"height":250,"caption":"Automaquinaria V\u00e1zquez"},"image":{"@id":"https:\/\/automaquinariavazquez.es\/#\/schema\/logo\/image\/"}}]}},"_links":{"self":[{"href":"https:\/\/automaquinariavazquez.es\/en\/wp-json\/wp\/v2\/pages\/7091","targetHints":{"allow":["GET"]}}],"collection":[{"href":"https:\/\/automaquinariavazquez.es\/en\/wp-json\/wp\/v2\/pages"}],"about":[{"href":"https:\/\/automaquinariavazquez.es\/en\/wp-json\/wp\/v2\/types\/page"}],"author":[{"embeddable":true,"href":"https:\/\/automaquinariavazquez.es\/en\/wp-json\/wp\/v2\/users\/1"}],"replies":[{"embeddable":true,"href":"https:\/\/automaquinariavazquez.es\/en\/wp-json\/wp\/v2\/comments?post=7091"}],"version-history":[{"count":28,"href":"https:\/\/automaquinariavazquez.es\/en\/wp-json\/wp\/v2\/pages\/7091\/revisions"}],"predecessor-version":[{"id":7156,"href":"https:\/\/automaquinariavazquez.es\/en\/wp-json\/wp\/v2\/pages\/7091\/revisions\/7156"}],"wp:attachment":[{"href":"https:\/\/automaquinariavazquez.es\/en\/wp-json\/wp\/v2\/media?parent=7091"}],"curies":[{"name":"wp","href":"https:\/\/api.w.org\/{rel}","templated":true}]}}