{"id":6892,"date":"2025-10-09T08:57:28","date_gmt":"2025-10-09T08:57:28","guid":{"rendered":"https:\/\/automaquinariavazquez.es\/?page_id=6892"},"modified":"2025-10-09T09:48:30","modified_gmt":"2025-10-09T09:48:30","slug":"elevadores-1-columna","status":"publish","type":"page","link":"https:\/\/automaquinariavazquez.es\/en\/elevadores-1-columna\/","title":{"rendered":"1-Column Elevators"},"content":{"rendered":"<div data-elementor-type=\"wp-page\" data-elementor-id=\"6892\" class=\"elementor elementor-6892\" data-elementor-post-type=\"page\">\n\t\t\t\t<div class=\"elementor-element elementor-element-d6dce42 e-flex e-con-boxed e-con e-parent\" data-id=\"d6dce42\" data-element_type=\"container\" data-e-type=\"container\">\n\t\t\t\t\t<div class=\"e-con-inner\">\n\t\t<div class=\"elementor-element elementor-element-c30f8a1 e-con-full e-flex e-con e-child\" data-id=\"c30f8a1\" data-element_type=\"container\" data-e-type=\"container\">\n\t\t\t\t<div class=\"elementor-element elementor-element-50c75fa elementor-widget elementor-widget-image\" data-id=\"50c75fa\" data-element_type=\"widget\" data-e-type=\"widget\" data-widget_type=\"image.default\">\n\t\t\t\t\t\t\t\t\t\t\t\t\t\t\t<img fetchpriority=\"high\" decoding=\"async\" width=\"525\" height=\"477\" src=\"https:\/\/automaquinariavazquez.es\/wp-content\/uploads\/2025\/10\/monocolumna.jpg\" class=\"attachment-large size-large wp-image-6927\" alt=\"\" srcset=\"https:\/\/automaquinariavazquez.es\/wp-content\/uploads\/2025\/10\/monocolumna.jpg 530w, https:\/\/automaquinariavazquez.es\/wp-content\/uploads\/2025\/10\/monocolumna-300x273.jpg 300w, https:\/\/automaquinariavazquez.es\/wp-content\/uploads\/2025\/10\/monocolumna-13x12.jpg 13w\" sizes=\"(max-width: 525px) 100vw, 525px\" \/>\t\t\t\t\t\t\t\t\t\t\t\t\t\t\t<\/div>\n\t\t\t\t<\/div>\n\t\t<div class=\"elementor-element elementor-element-ef380be e-con-full e-flex e-con e-child\" data-id=\"ef380be\" data-element_type=\"container\" data-e-type=\"container\">\n\t\t\t\t<div class=\"elementor-element elementor-element-ab0add3 elementor-widget elementor-widget-heading\" data-id=\"ab0add3\" data-element_type=\"widget\" data-e-type=\"widget\" data-widget_type=\"heading.default\">\n\t\t\t\t\t<h1 class=\"elementor-heading-title elementor-size-default\">Elevadores Mono-columna<\/h1>\t\t\t\t<\/div>\n\t\t\t\t<div class=\"elementor-element elementor-element-f81e429 elementor-widget elementor-widget-text-editor\" data-id=\"f81e429\" data-element_type=\"widget\" data-e-type=\"widget\" data-widget_type=\"text-editor.default\">\n\t\t\t\t\t\t\t\t\t<p><strong>Ideal for small garages, enabling a new workplace and maximum versatility.<\/strong><\/p>\t\t\t\t\t\t\t\t<\/div>\n\t\t\t\t<div class=\"elementor-element elementor-element-f723710 elementor-widget elementor-widget-text-editor\" data-id=\"f723710\" data-element_type=\"widget\" data-e-type=\"widget\" data-widget_type=\"text-editor.default\">\n\t\t\t\t\t\t\t\t\t<p><strong>Quality<\/strong>.\u00a0Este modelo se fabrica de forma continuada desde hace m\u00e1s de 50 a\u00f1os, basado en la calidad y las ventajas de\u00a0nuestra gama de 2 columnas.<\/p><p><strong>Functionality<\/strong>.\u00a0Sus principales atributos son el poco espacio que necesita para su colocaci\u00f3n y su\u00a0polivalencia. Es ideal para peque\u00f1os talleres o talleres con esquinas inexplotables donde\u00a0no es posible instalar un 2 columnas convencional.<\/p><p><strong>Security<\/strong>.\u00a0Al igual que el resto de las gamas, est\u00e1n provistos del marcado CE, expedido por las m\u00e1s\u00a0prestigiosas empresas certificadoras: Bureau Veritas y T\u00dcV.<\/p><p>Provistos de <strong>seguridades mec\u00e1nicas<\/strong> que garantizan un trabajo dentro de los est\u00e1ndares m\u00e1s\u00a0avanzados de seguridad laboral.<\/p><p>Ideal for small garages, enabling a new workplace and maximum versatility.<\/p><p>\u2022 2,5 Tn- C-125<\/p><p>\u2022 2,5 Tn &#8211; C-125 Monof\u00e1sico<\/p>\t\t\t\t\t\t\t\t<\/div>\n\t\t\t\t<\/div>\n\t\t\t\t\t<\/div>\n\t\t\t\t<\/div>\n\t\t<div class=\"elementor-element elementor-element-172f532 e-flex e-con-boxed e-con e-parent\" data-id=\"172f532\" data-element_type=\"container\" data-e-type=\"container\">\n\t\t\t\t\t<div class=\"e-con-inner\">\n\t\t<div class=\"elementor-element elementor-element-63f5715 e-con-full e-flex e-con e-child\" data-id=\"63f5715\" data-element_type=\"container\" data-e-type=\"container\">\n\t\t\t\t<div class=\"elementor-element elementor-element-93ed094 elementor-widget elementor-widget-image\" data-id=\"93ed094\" data-element_type=\"widget\" data-e-type=\"widget\" data-widget_type=\"image.default\">\n\t\t\t\t\t\t\t\t\t\t\t\t\t\t\t<img decoding=\"async\" width=\"525\" height=\"340\" src=\"https:\/\/automaquinariavazquez.es\/wp-content\/uploads\/2025\/10\/1414_solo_base.jpg\" class=\"attachment-large size-large wp-image-6926\" alt=\"\" srcset=\"https:\/\/automaquinariavazquez.es\/wp-content\/uploads\/2025\/10\/1414_solo_base.jpg 745w, https:\/\/automaquinariavazquez.es\/wp-content\/uploads\/2025\/10\/1414_solo_base-300x194.jpg 300w, https:\/\/automaquinariavazquez.es\/wp-content\/uploads\/2025\/10\/1414_solo_base-18x12.jpg 18w\" sizes=\"(max-width: 525px) 100vw, 525px\" \/>\t\t\t\t\t\t\t\t\t\t\t\t\t\t\t<\/div>\n\t\t\t\t<\/div>\n\t\t<div class=\"elementor-element elementor-element-84edfe0 e-con-full e-flex e-con e-child\" data-id=\"84edfe0\" data-element_type=\"container\" data-e-type=\"container\">\n\t\t\t\t<div class=\"elementor-element elementor-element-e6f3851 elementor-widget elementor-widget-heading\" data-id=\"e6f3851\" data-element_type=\"widget\" data-e-type=\"widget\" data-widget_type=\"heading.default\">\n\t\t\t\t\t<h2 class=\"elementor-heading-title elementor-size-default\">Characteristics<\/h2>\t\t\t\t<\/div>\n\t\t\t\t<div class=\"elementor-element elementor-element-d1b8ba4 elementor-icon-list--layout-traditional elementor-list-item-link-full_width elementor-widget elementor-widget-icon-list\" data-id=\"d1b8ba4\" data-element_type=\"widget\" data-e-type=\"widget\" data-widget_type=\"icon-list.default\">\n\t\t\t\t\t\t\t<ul class=\"elementor-icon-list-items\">\n\t\t\t\t\t\t\t<li class=\"elementor-icon-list-item\">\n\t\t\t\t\t\t\t\t\t\t\t<span class=\"elementor-icon-list-icon\">\n\t\t\t\t\t\t\t<svg aria-hidden=\"true\" class=\"e-font-icon-svg e-fas-check\" viewbox=\"0 0 512 512\" xmlns=\"http:\/\/www.w3.org\/2000\/svg\"><path d=\"M173.898 439.404l-166.4-166.4c-9.997-9.997-9.997-26.206 0-36.204l36.203-36.204c9.997-9.998 26.207-9.998 36.204 0L192 312.69 432.095 72.596c9.997-9.997 26.207-9.997 36.204 0l36.203 36.204c9.997 9.997 9.997 26.206 0 36.204l-294.4 294.401c-9.998 9.997-26.207 9.997-36.204-.001z\"><\/path><\/svg>\t\t\t\t\t\t<\/span>\n\t\t\t\t\t\t\t\t\t\t<span class=\"elementor-icon-list-text\">Ideal for all types of work, especially mechanical work. <\/span>\n\t\t\t\t\t\t\t\t\t<\/li>\n\t\t\t\t\t\t\t\t<li class=\"elementor-icon-list-item\">\n\t\t\t\t\t\t\t\t\t\t\t<span class=\"elementor-icon-list-icon\">\n\t\t\t\t\t\t\t<svg aria-hidden=\"true\" class=\"e-font-icon-svg e-fas-check\" viewbox=\"0 0 512 512\" xmlns=\"http:\/\/www.w3.org\/2000\/svg\"><path d=\"M173.898 439.404l-166.4-166.4c-9.997-9.997-9.997-26.206 0-36.204l36.203-36.204c9.997-9.998 26.207-9.998 36.204 0L192 312.69 432.095 72.596c9.997-9.997 26.207-9.997 36.204 0l36.203 36.204c9.997 9.997 9.997 26.206 0 36.204l-294.4 294.401c-9.998 9.997-26.207 9.997-36.204-.001z\"><\/path><\/svg>\t\t\t\t\t\t<\/span>\n\t\t\t\t\t\t\t\t\t\t<span class=\"elementor-icon-list-text\">No space problems!<\/span>\n\t\t\t\t\t\t\t\t\t<\/li>\n\t\t\t\t\t\t\t\t<li class=\"elementor-icon-list-item\">\n\t\t\t\t\t\t\t\t\t\t\t<span class=\"elementor-icon-list-icon\">\n\t\t\t\t\t\t\t<svg aria-hidden=\"true\" class=\"e-font-icon-svg e-fas-check\" viewbox=\"0 0 512 512\" xmlns=\"http:\/\/www.w3.org\/2000\/svg\"><path d=\"M173.898 439.404l-166.4-166.4c-9.997-9.997-9.997-26.206 0-36.204l36.203-36.204c9.997-9.998 26.207-9.998 36.204 0L192 312.69 432.095 72.596c9.997-9.997 26.207-9.997 36.204 0l36.203 36.204c9.997 9.997 9.997 26.206 0 36.204l-294.4 294.401c-9.998 9.997-26.207 9.997-36.204-.001z\"><\/path><\/svg>\t\t\t\t\t\t<\/span>\n\t\t\t\t\t\t\t\t\t\t<span class=\"elementor-icon-list-text\">Unlimited access with freedom of movement to the underside of the vehicle.<\/span>\n\t\t\t\t\t\t\t\t\t<\/li>\n\t\t\t\t\t\t\t\t<li class=\"elementor-icon-list-item\">\n\t\t\t\t\t\t\t\t\t\t\t<span class=\"elementor-icon-list-icon\">\n\t\t\t\t\t\t\t<svg aria-hidden=\"true\" class=\"e-font-icon-svg e-fas-check\" viewbox=\"0 0 512 512\" xmlns=\"http:\/\/www.w3.org\/2000\/svg\"><path d=\"M173.898 439.404l-166.4-166.4c-9.997-9.997-9.997-26.206 0-36.204l36.203-36.204c9.997-9.998 26.207-9.998 36.204 0L192 312.69 432.095 72.596c9.997-9.997 26.207-9.997 36.204 0l36.203 36.204c9.997 9.997 9.997 26.206 0 36.204l-294.4 294.401c-9.998 9.997-26.207 9.997-36.204-.001z\"><\/path><\/svg>\t\t\t\t\t\t<\/span>\n\t\t\t\t\t\t\t\t\t\t<span class=\"elementor-icon-list-text\">Electro-mechanical operation.<\/span>\n\t\t\t\t\t\t\t\t\t<\/li>\n\t\t\t\t\t\t\t\t<li class=\"elementor-icon-list-item\">\n\t\t\t\t\t\t\t\t\t\t\t<span class=\"elementor-icon-list-icon\">\n\t\t\t\t\t\t\t<svg aria-hidden=\"true\" class=\"e-font-icon-svg e-fas-check\" viewbox=\"0 0 512 512\" xmlns=\"http:\/\/www.w3.org\/2000\/svg\"><path d=\"M173.898 439.404l-166.4-166.4c-9.997-9.997-9.997-26.206 0-36.204l36.203-36.204c9.997-9.998 26.207-9.998 36.204 0L192 312.69 432.095 72.596c9.997-9.997 26.207-9.997 36.204 0l36.203 36.204c9.997 9.997 9.997 26.206 0 36.204l-294.4 294.401c-9.998 9.997-26.207 9.997-36.204-.001z\"><\/path><\/svg>\t\t\t\t\t\t<\/span>\n\t\t\t\t\t\t\t\t\t\t<span class=\"elementor-icon-list-text\">Maximum security, 40 years of continuous manufacturing!<\/span>\n\t\t\t\t\t\t\t\t\t<\/li>\n\t\t\t\t\t\t<\/ul>\n\t\t\t\t\t\t<\/div>\n\t\t\t\t<\/div>\n\t\t\t\t\t<\/div>\n\t\t\t\t<\/div>\n\t\t\t\t<\/div>","protected":false},"excerpt":{"rendered":"<p>Elevadores Mono-columna Ideal para peque\u00f1os garages posibilitando un nuevo puesto de trabajo y m\u00e1xima versatilidad. Calidad.\u00a0Este modelo se fabrica de forma continuada desde hace m\u00e1s de 50 a\u00f1os, basado en la calidad y las ventajas de\u00a0nuestra gama de 2 columnas. Funcionalidad.\u00a0Sus principales atributos son el poco espacio que necesita para su colocaci\u00f3n y su\u00a0polivalencia. Es [&hellip;]<\/p>\n","protected":false},"author":1,"featured_media":0,"parent":0,"menu_order":0,"comment_status":"closed","ping_status":"closed","template":"tpl-default-elementor.php","meta":{"footnotes":""},"class_list":["post-6892","page","type-page","status-publish","hentry"],"yoast_head":"<!-- This site is optimized with the Yoast SEO plugin v27.0 - https:\/\/yoast.com\/product\/yoast-seo-wordpress\/ -->\n<title>Elevadores 1 columna | Automaquinaria V\u00e1zquez<\/title>\n<meta name=\"description\" content=\"Elevadores Mono-columna Ideal para peque\u00f1os garages posibilitando un nuevo puesto de trabajo y m\u00e1xima versatilidad.Calidad.\u00a0Este modelo se fabrica de\" \/>\n<meta name=\"robots\" content=\"index, follow, max-snippet:-1, max-image-preview:large, max-video-preview:-1\" \/>\n<link rel=\"canonical\" href=\"https:\/\/automaquinariavazquez.es\/en\/elevadores-1-columna\/\" \/>\n<meta property=\"og:locale\" content=\"en_GB\" \/>\n<meta property=\"og:type\" content=\"article\" \/>\n<meta property=\"og:title\" content=\"Elevadores 1 columna | Automaquinaria V\u00e1zquez\" \/>\n<meta property=\"og:description\" content=\"Elevadores Mono-columna Ideal para peque\u00f1os garages posibilitando un nuevo puesto de trabajo y m\u00e1xima versatilidad.Calidad.\u00a0Este modelo se fabrica de\" \/>\n<meta property=\"og:url\" content=\"https:\/\/automaquinariavazquez.es\/en\/elevadores-1-columna\/\" \/>\n<meta property=\"og:site_name\" content=\"Automaquinaria V\u00e1zquez\" \/>\n<meta property=\"article:modified_time\" content=\"2025-10-09T09:48:30+00:00\" \/>\n<meta property=\"og:image\" content=\"https:\/\/automaquinariavazquez.es\/wp-content\/uploads\/2025\/10\/monocolumna.jpg\" \/>\n\t<meta property=\"og:image:width\" content=\"530\" \/>\n\t<meta property=\"og:image:height\" content=\"482\" \/>\n\t<meta property=\"og:image:type\" content=\"image\/jpeg\" \/>\n<meta name=\"twitter:card\" content=\"summary_large_image\" \/>\n<meta name=\"twitter:label1\" content=\"Estimated reading time\" \/>\n\t<meta name=\"twitter:data1\" content=\"1 minute\" \/>\n<script type=\"application\/ld+json\" class=\"yoast-schema-graph\">{\"@context\":\"https:\/\/schema.org\",\"@graph\":[{\"@type\":\"WebPage\",\"@id\":\"https:\/\/automaquinariavazquez.es\/elevadores-1-columna\/\",\"url\":\"https:\/\/automaquinariavazquez.es\/elevadores-1-columna\/\",\"name\":\"Elevadores 1 columna | Automaquinaria V\u00e1zquez\",\"isPartOf\":{\"@id\":\"https:\/\/automaquinariavazquez.es\/#website\"},\"primaryImageOfPage\":{\"@id\":\"https:\/\/automaquinariavazquez.es\/elevadores-1-columna\/#primaryimage\"},\"image\":{\"@id\":\"https:\/\/automaquinariavazquez.es\/elevadores-1-columna\/#primaryimage\"},\"thumbnailUrl\":\"https:\/\/automaquinariavazquez.es\/wp-content\/uploads\/2025\/10\/monocolumna.jpg\",\"datePublished\":\"2025-10-09T08:57:28+00:00\",\"dateModified\":\"2025-10-09T09:48:30+00:00\",\"description\":\"Elevadores Mono-columna Ideal para peque\u00f1os garages posibilitando un nuevo puesto de trabajo y m\u00e1xima versatilidad.Calidad.\u00a0Este modelo se fabrica de\",\"breadcrumb\":{\"@id\":\"https:\/\/automaquinariavazquez.es\/elevadores-1-columna\/#breadcrumb\"},\"inLanguage\":\"en-GB\",\"potentialAction\":[{\"@type\":\"ReadAction\",\"target\":[\"https:\/\/automaquinariavazquez.es\/elevadores-1-columna\/\"]}]},{\"@type\":\"ImageObject\",\"inLanguage\":\"en-GB\",\"@id\":\"https:\/\/automaquinariavazquez.es\/elevadores-1-columna\/#primaryimage\",\"url\":\"https:\/\/automaquinariavazquez.es\/wp-content\/uploads\/2025\/10\/monocolumna.jpg\",\"contentUrl\":\"https:\/\/automaquinariavazquez.es\/wp-content\/uploads\/2025\/10\/monocolumna.jpg\"},{\"@type\":\"BreadcrumbList\",\"@id\":\"https:\/\/automaquinariavazquez.es\/elevadores-1-columna\/#breadcrumb\",\"itemListElement\":[{\"@type\":\"ListItem\",\"position\":1,\"name\":\"Portada\",\"item\":\"https:\/\/automaquinariavazquez.es\/\"},{\"@type\":\"ListItem\",\"position\":2,\"name\":\"Elevadores 1 columna\"}]},{\"@type\":\"WebSite\",\"@id\":\"https:\/\/automaquinariavazquez.es\/#website\",\"url\":\"https:\/\/automaquinariavazquez.es\/\",\"name\":\"Automaquinaria V\u00e1zquez\",\"description\":\"Especialistas en elevadores\",\"publisher\":{\"@id\":\"https:\/\/automaquinariavazquez.es\/#organization\"},\"alternateName\":\"Automaquinaria V\u00e1zquez\",\"potentialAction\":[{\"@type\":\"SearchAction\",\"target\":{\"@type\":\"EntryPoint\",\"urlTemplate\":\"https:\/\/automaquinariavazquez.es\/?s={search_term_string}\"},\"query-input\":{\"@type\":\"PropertyValueSpecification\",\"valueRequired\":true,\"valueName\":\"search_term_string\"}}],\"inLanguage\":\"en-GB\"},{\"@type\":\"Organization\",\"@id\":\"https:\/\/automaquinariavazquez.es\/#organization\",\"name\":\"Automaquinaria V\u00e1zquez\",\"url\":\"https:\/\/automaquinariavazquez.es\/\",\"logo\":{\"@type\":\"ImageObject\",\"inLanguage\":\"en-GB\",\"@id\":\"https:\/\/automaquinariavazquez.es\/#\/schema\/logo\/image\/\",\"url\":\"https:\/\/automaquinariavazquez.es\/wp-content\/uploads\/2025\/09\/cropped-automaquinaria-logo-web.png\",\"contentUrl\":\"https:\/\/automaquinariavazquez.es\/wp-content\/uploads\/2025\/09\/cropped-automaquinaria-logo-web.png\",\"width\":250,\"height\":250,\"caption\":\"Automaquinaria V\u00e1zquez\"},\"image\":{\"@id\":\"https:\/\/automaquinariavazquez.es\/#\/schema\/logo\/image\/\"}}]}<\/script>\n<!-- \/ Yoast SEO plugin. -->","yoast_head_json":{"title":"Elevadores 1 columna | Automaquinaria V\u00e1zquez","description":"Elevadores Mono-columna Ideal para peque\u00f1os garages posibilitando un nuevo puesto de trabajo y m\u00e1xima versatilidad.Calidad.\u00a0Este modelo se fabrica de","robots":{"index":"index","follow":"follow","max-snippet":"max-snippet:-1","max-image-preview":"max-image-preview:large","max-video-preview":"max-video-preview:-1"},"canonical":"https:\/\/automaquinariavazquez.es\/en\/elevadores-1-columna\/","og_locale":"en_GB","og_type":"article","og_title":"Elevadores 1 columna | Automaquinaria V\u00e1zquez","og_description":"Elevadores Mono-columna Ideal para peque\u00f1os garages posibilitando un nuevo puesto de trabajo y m\u00e1xima versatilidad.Calidad.\u00a0Este modelo se fabrica de","og_url":"https:\/\/automaquinariavazquez.es\/en\/elevadores-1-columna\/","og_site_name":"Automaquinaria V\u00e1zquez","article_modified_time":"2025-10-09T09:48:30+00:00","og_image":[{"width":530,"height":482,"url":"https:\/\/automaquinariavazquez.es\/wp-content\/uploads\/2025\/10\/monocolumna.jpg","type":"image\/jpeg"}],"twitter_card":"summary_large_image","twitter_misc":{"Estimated reading time":"1 minute"},"schema":{"@context":"https:\/\/schema.org","@graph":[{"@type":"WebPage","@id":"https:\/\/automaquinariavazquez.es\/elevadores-1-columna\/","url":"https:\/\/automaquinariavazquez.es\/elevadores-1-columna\/","name":"Elevadores 1 columna | Automaquinaria V\u00e1zquez","isPartOf":{"@id":"https:\/\/automaquinariavazquez.es\/#website"},"primaryImageOfPage":{"@id":"https:\/\/automaquinariavazquez.es\/elevadores-1-columna\/#primaryimage"},"image":{"@id":"https:\/\/automaquinariavazquez.es\/elevadores-1-columna\/#primaryimage"},"thumbnailUrl":"https:\/\/automaquinariavazquez.es\/wp-content\/uploads\/2025\/10\/monocolumna.jpg","datePublished":"2025-10-09T08:57:28+00:00","dateModified":"2025-10-09T09:48:30+00:00","description":"Elevadores Mono-columna Ideal para peque\u00f1os garages posibilitando un nuevo puesto de trabajo y m\u00e1xima versatilidad.Calidad.\u00a0Este modelo se fabrica de","breadcrumb":{"@id":"https:\/\/automaquinariavazquez.es\/elevadores-1-columna\/#breadcrumb"},"inLanguage":"en-GB","potentialAction":[{"@type":"ReadAction","target":["https:\/\/automaquinariavazquez.es\/elevadores-1-columna\/"]}]},{"@type":"ImageObject","inLanguage":"en-GB","@id":"https:\/\/automaquinariavazquez.es\/elevadores-1-columna\/#primaryimage","url":"https:\/\/automaquinariavazquez.es\/wp-content\/uploads\/2025\/10\/monocolumna.jpg","contentUrl":"https:\/\/automaquinariavazquez.es\/wp-content\/uploads\/2025\/10\/monocolumna.jpg"},{"@type":"BreadcrumbList","@id":"https:\/\/automaquinariavazquez.es\/elevadores-1-columna\/#breadcrumb","itemListElement":[{"@type":"ListItem","position":1,"name":"Portada","item":"https:\/\/automaquinariavazquez.es\/"},{"@type":"ListItem","position":2,"name":"Elevadores 1 columna"}]},{"@type":"WebSite","@id":"https:\/\/automaquinariavazquez.es\/#website","url":"https:\/\/automaquinariavazquez.es\/","name":"Automaquinaria V\u00e1zquez","description":"Especialistas en elevadores","publisher":{"@id":"https:\/\/automaquinariavazquez.es\/#organization"},"alternateName":"Automaquinaria V\u00e1zquez","potentialAction":[{"@type":"SearchAction","target":{"@type":"EntryPoint","urlTemplate":"https:\/\/automaquinariavazquez.es\/?s={search_term_string}"},"query-input":{"@type":"PropertyValueSpecification","valueRequired":true,"valueName":"search_term_string"}}],"inLanguage":"en-GB"},{"@type":"Organization","@id":"https:\/\/automaquinariavazquez.es\/#organization","name":"Automaquinaria V\u00e1zquez","url":"https:\/\/automaquinariavazquez.es\/","logo":{"@type":"ImageObject","inLanguage":"en-GB","@id":"https:\/\/automaquinariavazquez.es\/#\/schema\/logo\/image\/","url":"https:\/\/automaquinariavazquez.es\/wp-content\/uploads\/2025\/09\/cropped-automaquinaria-logo-web.png","contentUrl":"https:\/\/automaquinariavazquez.es\/wp-content\/uploads\/2025\/09\/cropped-automaquinaria-logo-web.png","width":250,"height":250,"caption":"Automaquinaria V\u00e1zquez"},"image":{"@id":"https:\/\/automaquinariavazquez.es\/#\/schema\/logo\/image\/"}}]}},"_links":{"self":[{"href":"https:\/\/automaquinariavazquez.es\/en\/wp-json\/wp\/v2\/pages\/6892","targetHints":{"allow":["GET"]}}],"collection":[{"href":"https:\/\/automaquinariavazquez.es\/en\/wp-json\/wp\/v2\/pages"}],"about":[{"href":"https:\/\/automaquinariavazquez.es\/en\/wp-json\/wp\/v2\/types\/page"}],"author":[{"embeddable":true,"href":"https:\/\/automaquinariavazquez.es\/en\/wp-json\/wp\/v2\/users\/1"}],"replies":[{"embeddable":true,"href":"https:\/\/automaquinariavazquez.es\/en\/wp-json\/wp\/v2\/comments?post=6892"}],"version-history":[{"count":34,"href":"https:\/\/automaquinariavazquez.es\/en\/wp-json\/wp\/v2\/pages\/6892\/revisions"}],"predecessor-version":[{"id":6930,"href":"https:\/\/automaquinariavazquez.es\/en\/wp-json\/wp\/v2\/pages\/6892\/revisions\/6930"}],"wp:attachment":[{"href":"https:\/\/automaquinariavazquez.es\/en\/wp-json\/wp\/v2\/media?parent=6892"}],"curies":[{"name":"wp","href":"https:\/\/api.w.org\/{rel}","templated":true}]}}