{"id":6785,"date":"2025-09-30T11:24:39","date_gmt":"2025-09-30T11:24:39","guid":{"rendered":"https:\/\/automaquinariavazquez.es\/?page_id=6785"},"modified":"2025-10-08T15:08:23","modified_gmt":"2025-10-08T15:08:23","slug":"declaracion-de-accesibilidad","status":"publish","type":"page","link":"https:\/\/automaquinariavazquez.es\/en\/declaracion-de-accesibilidad\/","title":{"rendered":"Accessibility Statement"},"content":{"rendered":"\t\t<div data-elementor-type=\"wp-page\" data-elementor-id=\"6785\" class=\"elementor elementor-6785\" data-elementor-post-type=\"page\">\n\t\t\t\t<div class=\"elementor-element elementor-element-c5477b2 e-flex e-con-boxed e-con e-parent\" data-id=\"c5477b2\" data-element_type=\"container\" data-e-type=\"container\">\n\t\t\t\t\t<div class=\"e-con-inner\">\n\t\t\t\t<div class=\"elementor-element elementor-element-be32f43 elementor-widget elementor-widget-text-editor\" data-id=\"be32f43\" data-element_type=\"widget\" data-e-type=\"widget\" data-widget_type=\"text-editor.default\">\n\t\t\t\t\t\t\t\t\t<p>AUTOMAQUINARIA VAZQUEZ, SL se compromete a hacer que su sitio web sea accesible a todos los usuarios, independientemente de sus habilidades o discapacidades. Hemos implementado medidas de accesibilidad para garantizar que nuestro sitio web cumpla con los est\u00e1ndares de accesibilidad web establecidos por la WCAG 2.0 nivel AA. Estamos continuamente trabajando para mejorar la accesibilidad de nuestro sitio web y le invitamos a contactarnos si tiene alg\u00fan comentario o sugerencia sobre c\u00f3mo podemos mejorar la accesibilidad de nuestro sitio web.<\/p><p>AUTOMAQUINARIA VAZQUEZ, SL se ha comprometido a hacer accesibles sus sitios web, de conformidad con el Real Decreto 1112\/2018, de 7 de septiembre, sobre accesibilidad de los sitios web y aplicaciones para dispositivos m\u00f3viles del sector p\u00fablico, por la que se traspone al ordenamiento jur\u00eddico espa\u00f1ol la Directiva (UE) 2016\/2102 del Parlamento Europeo y del Consejo.<\/p><p>La presente declaraci\u00f3n de accesibilidad se aplica a automaquinariavazquez.es<\/p><p><strong>Situaci\u00f3n de cumplimiento<\/strong><br \/>Este sitio web es parcialmente conforme con el RD 1112\/2018 debido a las excepciones y a la falta de conformidad de los aspectos que se indican a continuaci\u00f3n.<\/p><p><strong>Contenido no accesible<\/strong><br \/>El contenido que se recoge a continuaci\u00f3n no es accesible por lo siguiente:<\/p><p>Falta de conformidad con el RD 1112\/2018<br \/>Debido a la automatizaci\u00f3n de algunas de las publicaciones podr\u00edan existir p\u00e1ginas con un incorrecto anidamiento de etiquetas HTML.<br \/>Podr\u00edan existir fallos puntuales de edici\u00f3n en alguna p\u00e1gina web.<br \/>Carga desproporcionada<br \/>No aplica.<br \/>Preparaci\u00f3n de la presente declaraci\u00f3n de accesibilidad<br \/>La presente declaraci\u00f3n fue preparada el 18 de enero de 2023 y est\u00e1 basada en los Informes de Accesibilidad Web del Observatorio de Accesibilidad.<\/p><p>La fecha de la \u00faltima revisi\u00f3n ha sido el 23 de septiembre de 2025<\/p><p><strong>Observaciones y datos de contacto<\/strong><br \/>Puede realizar comunicaciones sobre requisitos de accesibilidad (art\u00edculo 10.2 del RD 1112\/2018) como por ejemplo:<\/p><p>\u2022 Informar sobre cualquier posible incumplimiento por parte de este sitio web.<br \/>\u2022 Transmitir otras dificultades de acceso al contenido.<br \/>\u2022 Formular cualquier otra consulta o sugerencia de mejora relativa a la accesibilidad del sitio web.<br \/>\u2022 A trav\u00e9s del formulario de contacto de este sitio web.<\/p><p><strong>Procedimiento de aplicaci\u00f3n<\/strong><br \/>Se pondr\u00e1 en marcha un procedimiento de aplicaci\u00f3n adecuado y eficaz al que debe recurrirse en caso de que la respuesta a la comunicaci\u00f3n o a la solicitud sea insatisfactoria. [Pendiente]<\/p><p><strong>Contenido opcional<\/strong><br \/>Este sitio web:<\/p><p>Se ha dise\u00f1ado adapt\u00e1ndose a los est\u00e1ndares y normativas vigentes en relaci\u00f3n a la accesibilidad, cumpliendo con los puntos de verificaci\u00f3n de prioridad 2 (AA) definidos en la especificaci\u00f3n de Pautas de Accesibilidad al Contenido en la Web (WCAG 2.1).<br \/>Cumple con los requisitos de la Norma UNE-EN 301549 v1.1.2:2015, considerando las excepciones del Real Decreto 1112\/2018.<br \/>Est\u00e1 dise\u00f1ado para su correcta visualizaci\u00f3n en dispositivos de escritorio, tablet y m\u00f3viles para una resoluci\u00f3n m\u00ednima de 1280\u00d71024.<br \/>Se ha realizado utilizando HTML5 como lenguaje de marcado y hojas de estilo CSS 3 para su dise\u00f1o.<br \/>Est\u00e1 dise\u00f1ado para su uso con javascript no intrusivo ofreciendo, en el caso de que su navegador no lo soporte, su correspondiente alternativa no javascript.<\/p>\t\t\t\t\t\t\t\t<\/div>\n\t\t\t\t\t<\/div>\n\t\t\t\t<\/div>\n\t\t\t\t<\/div>\n\t\t","protected":false},"excerpt":{"rendered":"<p>AUTOMAQUINARIA VAZQUEZ, SL se compromete a hacer que su sitio web sea accesible a todos los usuarios, independientemente de sus habilidades o discapacidades. Hemos implementado medidas de accesibilidad para garantizar que nuestro sitio web cumpla con los est\u00e1ndares de accesibilidad web establecidos por la WCAG 2.0 nivel AA. Estamos continuamente trabajando para mejorar la accesibilidad [&hellip;]<\/p>\n","protected":false},"author":1,"featured_media":0,"parent":0,"menu_order":0,"comment_status":"closed","ping_status":"closed","template":"","meta":{"footnotes":""},"class_list":["post-6785","page","type-page","status-publish","hentry"],"yoast_head":"<!-- This site is optimized with the Yoast SEO plugin v27.0 - https:\/\/yoast.com\/product\/yoast-seo-wordpress\/ -->\n<title>Declaraci\u00f3n de Accesibilidad | Automaquinaria V\u00e1zquez<\/title>\n<meta name=\"description\" content=\"AUTOMAQUINARIA VAZQUEZ, SL se compromete a hacer que su sitio web sea accesible a todos los usuarios, independientemente de sus habilidades o\" \/>\n<meta name=\"robots\" content=\"index, follow, max-snippet:-1, max-image-preview:large, max-video-preview:-1\" \/>\n<link rel=\"canonical\" href=\"https:\/\/automaquinariavazquez.es\/en\/declaracion-de-accesibilidad\/\" \/>\n<meta property=\"og:locale\" content=\"en_GB\" \/>\n<meta property=\"og:type\" content=\"article\" \/>\n<meta property=\"og:title\" content=\"Declaraci\u00f3n de Accesibilidad | Automaquinaria V\u00e1zquez\" \/>\n<meta property=\"og:description\" content=\"AUTOMAQUINARIA VAZQUEZ, SL se compromete a hacer que su sitio web sea accesible a todos los usuarios, independientemente de sus habilidades o\" \/>\n<meta property=\"og:url\" content=\"https:\/\/automaquinariavazquez.es\/en\/declaracion-de-accesibilidad\/\" \/>\n<meta property=\"og:site_name\" content=\"Automaquinaria V\u00e1zquez\" \/>\n<meta property=\"article:modified_time\" content=\"2025-10-08T15:08:23+00:00\" \/>\n<meta property=\"og:image\" content=\"https:\/\/automaquinariavazquez.es\/wp-content\/uploads\/2025\/09\/cropped-automaquinaria-icono.png\" \/>\n\t<meta property=\"og:image:width\" content=\"512\" \/>\n\t<meta property=\"og:image:height\" content=\"512\" \/>\n\t<meta property=\"og:image:type\" content=\"image\/png\" \/>\n<meta name=\"twitter:card\" content=\"summary_large_image\" \/>\n<meta name=\"twitter:label1\" content=\"Estimated reading time\" \/>\n\t<meta name=\"twitter:data1\" content=\"3 minutes\" \/>\n<script type=\"application\/ld+json\" class=\"yoast-schema-graph\">{\"@context\":\"https:\/\/schema.org\",\"@graph\":[{\"@type\":\"WebPage\",\"@id\":\"https:\/\/automaquinariavazquez.es\/declaracion-de-accesibilidad\/\",\"url\":\"https:\/\/automaquinariavazquez.es\/declaracion-de-accesibilidad\/\",\"name\":\"Declaraci\u00f3n de Accesibilidad | Automaquinaria V\u00e1zquez\",\"isPartOf\":{\"@id\":\"https:\/\/automaquinariavazquez.es\/#website\"},\"datePublished\":\"2025-09-30T11:24:39+00:00\",\"dateModified\":\"2025-10-08T15:08:23+00:00\",\"description\":\"AUTOMAQUINARIA VAZQUEZ, SL se compromete a hacer que su sitio web sea accesible a todos los usuarios, independientemente de sus habilidades o\",\"breadcrumb\":{\"@id\":\"https:\/\/automaquinariavazquez.es\/declaracion-de-accesibilidad\/#breadcrumb\"},\"inLanguage\":\"en-GB\",\"potentialAction\":[{\"@type\":\"ReadAction\",\"target\":[\"https:\/\/automaquinariavazquez.es\/declaracion-de-accesibilidad\/\"]}]},{\"@type\":\"BreadcrumbList\",\"@id\":\"https:\/\/automaquinariavazquez.es\/declaracion-de-accesibilidad\/#breadcrumb\",\"itemListElement\":[{\"@type\":\"ListItem\",\"position\":1,\"name\":\"Portada\",\"item\":\"https:\/\/automaquinariavazquez.es\/\"},{\"@type\":\"ListItem\",\"position\":2,\"name\":\"Declaraci\u00f3n de Accesibilidad\"}]},{\"@type\":\"WebSite\",\"@id\":\"https:\/\/automaquinariavazquez.es\/#website\",\"url\":\"https:\/\/automaquinariavazquez.es\/\",\"name\":\"Automaquinaria V\u00e1zquez\",\"description\":\"Especialistas en elevadores\",\"publisher\":{\"@id\":\"https:\/\/automaquinariavazquez.es\/#organization\"},\"alternateName\":\"Automaquinaria V\u00e1zquez\",\"potentialAction\":[{\"@type\":\"SearchAction\",\"target\":{\"@type\":\"EntryPoint\",\"urlTemplate\":\"https:\/\/automaquinariavazquez.es\/?s={search_term_string}\"},\"query-input\":{\"@type\":\"PropertyValueSpecification\",\"valueRequired\":true,\"valueName\":\"search_term_string\"}}],\"inLanguage\":\"en-GB\"},{\"@type\":\"Organization\",\"@id\":\"https:\/\/automaquinariavazquez.es\/#organization\",\"name\":\"Automaquinaria V\u00e1zquez\",\"url\":\"https:\/\/automaquinariavazquez.es\/\",\"logo\":{\"@type\":\"ImageObject\",\"inLanguage\":\"en-GB\",\"@id\":\"https:\/\/automaquinariavazquez.es\/#\/schema\/logo\/image\/\",\"url\":\"https:\/\/automaquinariavazquez.es\/wp-content\/uploads\/2025\/09\/cropped-automaquinaria-logo-web.png\",\"contentUrl\":\"https:\/\/automaquinariavazquez.es\/wp-content\/uploads\/2025\/09\/cropped-automaquinaria-logo-web.png\",\"width\":250,\"height\":250,\"caption\":\"Automaquinaria V\u00e1zquez\"},\"image\":{\"@id\":\"https:\/\/automaquinariavazquez.es\/#\/schema\/logo\/image\/\"}}]}<\/script>\n<!-- \/ Yoast SEO plugin. -->","yoast_head_json":{"title":"Declaraci\u00f3n de Accesibilidad | Automaquinaria V\u00e1zquez","description":"AUTOMAQUINARIA VAZQUEZ, SL se compromete a hacer que su sitio web sea accesible a todos los usuarios, independientemente de sus habilidades o","robots":{"index":"index","follow":"follow","max-snippet":"max-snippet:-1","max-image-preview":"max-image-preview:large","max-video-preview":"max-video-preview:-1"},"canonical":"https:\/\/automaquinariavazquez.es\/en\/declaracion-de-accesibilidad\/","og_locale":"en_GB","og_type":"article","og_title":"Declaraci\u00f3n de Accesibilidad | Automaquinaria V\u00e1zquez","og_description":"AUTOMAQUINARIA VAZQUEZ, SL se compromete a hacer que su sitio web sea accesible a todos los usuarios, independientemente de sus habilidades o","og_url":"https:\/\/automaquinariavazquez.es\/en\/declaracion-de-accesibilidad\/","og_site_name":"Automaquinaria V\u00e1zquez","article_modified_time":"2025-10-08T15:08:23+00:00","og_image":[{"width":512,"height":512,"url":"https:\/\/automaquinariavazquez.es\/wp-content\/uploads\/2025\/09\/cropped-automaquinaria-icono.png","type":"image\/png"}],"twitter_card":"summary_large_image","twitter_misc":{"Estimated reading time":"3 minutes"},"schema":{"@context":"https:\/\/schema.org","@graph":[{"@type":"WebPage","@id":"https:\/\/automaquinariavazquez.es\/declaracion-de-accesibilidad\/","url":"https:\/\/automaquinariavazquez.es\/declaracion-de-accesibilidad\/","name":"Declaraci\u00f3n de Accesibilidad | Automaquinaria V\u00e1zquez","isPartOf":{"@id":"https:\/\/automaquinariavazquez.es\/#website"},"datePublished":"2025-09-30T11:24:39+00:00","dateModified":"2025-10-08T15:08:23+00:00","description":"AUTOMAQUINARIA VAZQUEZ, SL se compromete a hacer que su sitio web sea accesible a todos los usuarios, independientemente de sus habilidades o","breadcrumb":{"@id":"https:\/\/automaquinariavazquez.es\/declaracion-de-accesibilidad\/#breadcrumb"},"inLanguage":"en-GB","potentialAction":[{"@type":"ReadAction","target":["https:\/\/automaquinariavazquez.es\/declaracion-de-accesibilidad\/"]}]},{"@type":"BreadcrumbList","@id":"https:\/\/automaquinariavazquez.es\/declaracion-de-accesibilidad\/#breadcrumb","itemListElement":[{"@type":"ListItem","position":1,"name":"Portada","item":"https:\/\/automaquinariavazquez.es\/"},{"@type":"ListItem","position":2,"name":"Declaraci\u00f3n de Accesibilidad"}]},{"@type":"WebSite","@id":"https:\/\/automaquinariavazquez.es\/#website","url":"https:\/\/automaquinariavazquez.es\/","name":"Automaquinaria V\u00e1zquez","description":"Especialistas en elevadores","publisher":{"@id":"https:\/\/automaquinariavazquez.es\/#organization"},"alternateName":"Automaquinaria V\u00e1zquez","potentialAction":[{"@type":"SearchAction","target":{"@type":"EntryPoint","urlTemplate":"https:\/\/automaquinariavazquez.es\/?s={search_term_string}"},"query-input":{"@type":"PropertyValueSpecification","valueRequired":true,"valueName":"search_term_string"}}],"inLanguage":"en-GB"},{"@type":"Organization","@id":"https:\/\/automaquinariavazquez.es\/#organization","name":"Automaquinaria V\u00e1zquez","url":"https:\/\/automaquinariavazquez.es\/","logo":{"@type":"ImageObject","inLanguage":"en-GB","@id":"https:\/\/automaquinariavazquez.es\/#\/schema\/logo\/image\/","url":"https:\/\/automaquinariavazquez.es\/wp-content\/uploads\/2025\/09\/cropped-automaquinaria-logo-web.png","contentUrl":"https:\/\/automaquinariavazquez.es\/wp-content\/uploads\/2025\/09\/cropped-automaquinaria-logo-web.png","width":250,"height":250,"caption":"Automaquinaria V\u00e1zquez"},"image":{"@id":"https:\/\/automaquinariavazquez.es\/#\/schema\/logo\/image\/"}}]}},"_links":{"self":[{"href":"https:\/\/automaquinariavazquez.es\/en\/wp-json\/wp\/v2\/pages\/6785","targetHints":{"allow":["GET"]}}],"collection":[{"href":"https:\/\/automaquinariavazquez.es\/en\/wp-json\/wp\/v2\/pages"}],"about":[{"href":"https:\/\/automaquinariavazquez.es\/en\/wp-json\/wp\/v2\/types\/page"}],"author":[{"embeddable":true,"href":"https:\/\/automaquinariavazquez.es\/en\/wp-json\/wp\/v2\/users\/1"}],"replies":[{"embeddable":true,"href":"https:\/\/automaquinariavazquez.es\/en\/wp-json\/wp\/v2\/comments?post=6785"}],"version-history":[{"count":17,"href":"https:\/\/automaquinariavazquez.es\/en\/wp-json\/wp\/v2\/pages\/6785\/revisions"}],"predecessor-version":[{"id":6879,"href":"https:\/\/automaquinariavazquez.es\/en\/wp-json\/wp\/v2\/pages\/6785\/revisions\/6879"}],"wp:attachment":[{"href":"https:\/\/automaquinariavazquez.es\/en\/wp-json\/wp\/v2\/media?parent=6785"}],"curies":[{"name":"wp","href":"https:\/\/api.w.org\/{rel}","templated":true}]}}