{"id":5976,"date":"2025-09-17T15:08:21","date_gmt":"2025-09-17T15:08:21","guid":{"rendered":"https:\/\/automaquinariavazquez.es\/?page_id=5976"},"modified":"2025-09-22T16:24:03","modified_gmt":"2025-09-22T16:24:03","slug":"mantenimiento-2","status":"publish","type":"page","link":"https:\/\/automaquinariavazquez.es\/en\/mantenimiento-2\/","title":{"rendered":"Maintenance"},"content":{"rendered":"<div data-elementor-type=\"wp-page\" data-elementor-id=\"5976\" class=\"elementor elementor-5976\" data-elementor-post-type=\"page\">\n\t\t\t\t<div class=\"elementor-element elementor-element-495ab58 e-flex e-con-boxed e-con e-parent\" data-id=\"495ab58\" data-element_type=\"container\" data-e-type=\"container\">\n\t\t\t\t\t<div class=\"e-con-inner\">\n\t\t\t\t\t<\/div>\n\t\t\t\t<\/div>\n\t\t<div class=\"elementor-element elementor-element-5d04668 e-flex e-con-boxed e-con e-parent\" data-id=\"5d04668\" data-element_type=\"container\" data-e-type=\"container\">\n\t\t\t\t\t<div class=\"e-con-inner\">\n\t\t<div class=\"elementor-element elementor-element-80d8212 e-con-full e-flex e-con e-child\" data-id=\"80d8212\" data-element_type=\"container\" data-e-type=\"container\">\n\t\t\t\t<div class=\"elementor-element elementor-element-a700121 elementor-widget elementor-widget-image\" data-id=\"a700121\" data-element_type=\"widget\" data-e-type=\"widget\" data-widget_type=\"image.default\">\n\t\t\t\t\t\t\t\t\t\t\t\t\t\t\t<img fetchpriority=\"high\" decoding=\"async\" width=\"370\" height=\"339\" src=\"https:\/\/automaquinariavazquez.es\/wp-content\/uploads\/2025\/09\/somos-5.png\" class=\"attachment-metallic_545x712 size-metallic_545x712 wp-image-5309\" alt=\"\" srcset=\"https:\/\/automaquinariavazquez.es\/wp-content\/uploads\/2025\/09\/somos-5.png 370w, https:\/\/automaquinariavazquez.es\/wp-content\/uploads\/2025\/09\/somos-5-300x275.png 300w\" sizes=\"(max-width: 370px) 100vw, 370px\" \/>\t\t\t\t\t\t\t\t\t\t\t\t\t\t\t<\/div>\n\t\t\t\t<\/div>\n\t\t<div class=\"elementor-element elementor-element-692a416 e-con-full e-flex e-con e-child\" data-id=\"692a416\" data-element_type=\"container\" data-e-type=\"container\">\n\t\t\t\t<div class=\"elementor-element elementor-element-8668f06 elementor-widget elementor-widget-heading\" data-id=\"8668f06\" data-element_type=\"widget\" data-e-type=\"widget\" data-widget_type=\"heading.default\">\n\t\t\t\t\t<h2 class=\"elementor-heading-title elementor-size-default\">Maintenance<\/h2>\t\t\t\t<\/div>\n\t\t\t\t<div class=\"elementor-element elementor-element-d9d8815 elementor-widget elementor-widget-text-editor\" data-id=\"d9d8815\" data-element_type=\"widget\" data-e-type=\"widget\" data-widget_type=\"text-editor.default\">\n\t\t\t\t\t\t\t\t\t<p class=\"p3\">The lift is one of the most important tools in any workshop. Its proper functioning not only ensures daily productivity but also the safety of the personnel who use it. At Automaquinaria V\u00e1zquez, we offer a lift maintenance service that extends its useful life, prevents breakdowns, and ensures compliance with all current regulations.<\/p>\t\t\t\t\t\t\t\t<\/div>\n\t\t\t\t<\/div>\n\t\t\t\t\t<\/div>\n\t\t\t\t<\/div>\n\t\t<div class=\"elementor-element elementor-element-919fc90 e-flex e-con-boxed e-con e-parent\" data-id=\"919fc90\" data-element_type=\"container\" data-e-type=\"container\">\n\t\t\t\t\t<div class=\"e-con-inner\">\n\t\t<div class=\"elementor-element elementor-element-7d39af5 e-con-full e-flex e-con e-child\" data-id=\"7d39af5\" data-element_type=\"container\" data-e-type=\"container\">\n\t\t\t\t<div class=\"elementor-element elementor-element-22e9c99 elementor-widget elementor-widget-image\" data-id=\"22e9c99\" data-element_type=\"widget\" data-e-type=\"widget\" data-widget_type=\"image.default\">\n\t\t\t\t\t\t\t\t\t\t\t\t\t\t\t<img decoding=\"async\" width=\"500\" height=\"500\" src=\"https:\/\/automaquinariavazquez.es\/wp-content\/uploads\/2025\/09\/choose_us.jpg\" class=\"attachment-metallic_545x712 size-metallic_545x712 wp-image-4808\" alt=\"coche encima de un elevador\" srcset=\"https:\/\/automaquinariavazquez.es\/wp-content\/uploads\/2025\/09\/choose_us.jpg 500w, https:\/\/automaquinariavazquez.es\/wp-content\/uploads\/2025\/09\/choose_us-300x300.jpg 300w, https:\/\/automaquinariavazquez.es\/wp-content\/uploads\/2025\/09\/choose_us-150x150.jpg 150w, https:\/\/automaquinariavazquez.es\/wp-content\/uploads\/2025\/09\/choose_us-270x270.jpg 270w, https:\/\/automaquinariavazquez.es\/wp-content\/uploads\/2025\/09\/choose_us-100x100.jpg 100w, https:\/\/automaquinariavazquez.es\/wp-content\/uploads\/2025\/09\/choose_us-370x370.jpg 370w, https:\/\/automaquinariavazquez.es\/wp-content\/uploads\/2025\/09\/choose_us-70x70.jpg 70w\" sizes=\"(max-width: 500px) 100vw, 500px\" \/>\t\t\t\t\t\t\t\t\t\t\t\t\t\t\t<\/div>\n\t\t\t\t<div class=\"elementor-element elementor-element-405b1cd2 elementor-widget elementor-widget-metallic_customer_solution_box\" data-id=\"405b1cd2\" data-element_type=\"widget\" data-e-type=\"widget\" data-settings=\"{&quot;btn_padding&quot;:{&quot;unit&quot;:&quot;px&quot;,&quot;top&quot;:&quot;&quot;,&quot;right&quot;:&quot;&quot;,&quot;bottom&quot;:&quot;&quot;,&quot;left&quot;:&quot;&quot;,&quot;isLinked&quot;:true},&quot;btn_padding_tablet&quot;:{&quot;unit&quot;:&quot;px&quot;,&quot;top&quot;:&quot;&quot;,&quot;right&quot;:&quot;&quot;,&quot;bottom&quot;:&quot;&quot;,&quot;left&quot;:&quot;&quot;,&quot;isLinked&quot;:true},&quot;btn_padding_mobile&quot;:{&quot;unit&quot;:&quot;px&quot;,&quot;top&quot;:&quot;&quot;,&quot;right&quot;:&quot;&quot;,&quot;bottom&quot;:&quot;&quot;,&quot;left&quot;:&quot;&quot;,&quot;isLinked&quot;:true},&quot;btn_margin&quot;:{&quot;unit&quot;:&quot;px&quot;,&quot;top&quot;:&quot;&quot;,&quot;right&quot;:&quot;&quot;,&quot;bottom&quot;:&quot;&quot;,&quot;left&quot;:&quot;&quot;,&quot;isLinked&quot;:true},&quot;btn_margin_tablet&quot;:{&quot;unit&quot;:&quot;px&quot;,&quot;top&quot;:&quot;&quot;,&quot;right&quot;:&quot;&quot;,&quot;bottom&quot;:&quot;&quot;,&quot;left&quot;:&quot;&quot;,&quot;isLinked&quot;:true},&quot;btn_margin_mobile&quot;:{&quot;unit&quot;:&quot;px&quot;,&quot;top&quot;:&quot;&quot;,&quot;right&quot;:&quot;&quot;,&quot;bottom&quot;:&quot;&quot;,&quot;left&quot;:&quot;&quot;,&quot;isLinked&quot;:true}}\" data-widget_type=\"metallic_customer_solution_box.default\">\n\t\t\t\t<div class=\"elementor-widget-container\">\n\t\t\t\t\t    \n\t<div class=\"pricing-section\">\n\t\t<div class=\"inner-box centred\">\n\t\t\t\t\t\t<h2 class=\"has-ele-title\">Get in touch<span> with us?<\/span> to obtain a  <span>customized solution.<\/span><\/h2>\n\t\t\t\t\t\t\t\t\t<div class=\"icon-box\">\n\t\t\t\t<div class=\"has-ele-icon icon\">\n\t\t\t\t\t<i class=\"flaticon-headphones\"><\/i>\n\t\t\t\t<\/div>\n\t\t\t<\/div>\n\t\t\t\t\t\t\t\t\t<h4><a class=\"has-ele-phone\" href=\"tel:+34-685102713\">+34-685102713<\/a><\/h4>\n\t\t\t\t\t\t\t\t\t<p><a class=\"has-ele-email\" href=\"mailto:info@automaquinariavazquez.es\">info@automaquinariavazquez.es<\/a><\/p>\n\t\t\t\t\t\t\n\t\t\t<a href=\"#contacto\"   rel=\"nofollow\" class=\"theme-btn\"><i class=\"flaticon-right-arrow\"><\/i>\n\t\t\t\t<span class=\"has-ele-btn\">Contact<\/span>\n\t\t\t<\/a>\n\t\t\t\n\t\t<\/div>\n\t<\/div>\n\n\n     \t\t\t\t<\/div>\n\t\t\t\t<\/div>\n\t\t\t\t<\/div>\n\t\t<div class=\"elementor-element elementor-element-e2628f7 e-con-full e-flex e-con e-child\" data-id=\"e2628f7\" data-element_type=\"container\" data-e-type=\"container\">\n\t\t\t\t<div class=\"elementor-element elementor-element-578561e elementor-widget elementor-widget-heading\" data-id=\"578561e\" data-element_type=\"widget\" data-e-type=\"widget\" data-widget_type=\"heading.default\">\n\t\t\t\t\t<h2 class=\"elementor-heading-title elementor-size-default\">Most important points of the service<\/h2>\t\t\t\t<\/div>\n\t\t\t\t<div class=\"elementor-element elementor-element-ec81cb8 elementor-widget elementor-widget-text-editor\" data-id=\"ec81cb8\" data-element_type=\"widget\" data-e-type=\"widget\" data-widget_type=\"text-editor.default\">\n\t\t\t\t\t\t\t\t\t<b>Scheduled periodic reviews<\/b><\/br>\nWe plan maintenance visits tailored to the use and characteristics of each elevator, avoiding unexpected downtime.<\/p>\n\n<b>Security checks<\/b><\/b><\/br>\n<p>We check anchors, locking systems, hydraulics, cables, lifting arms, and all the elements that guarantee safe use.<\/br>\n<p><b>Lubrication and adjustments <\/b><\/br>We perform lubrication, cable tensioning, and calibration for smooth, precise operation.<\/br>\n<p><b>Preventive replacement of parts<\/b><\/br>\nWe detect worn parts before they cause a major breakdown, reducing costs and downtime.<\/br>\n<p><b>Detailed technical report<\/b><\/br>\nAfter each inspection, we provide a document detailing the elevator's condition, repairs made, and future recommendations.<\/br>\n<p><b>Regulatory compliance<\/b>\nWe ensure your equipment is ready to pass inspections and complies with current safety regulations.<\/p>\n<p>With this service, your workshop gains peace of mind, security, and productivity, extending the life of your lifts and avoiding unexpected expenses.<\/p>\t\t\t\t\t\t\t\t<\/div>\n\t\t\t\t<\/div>\n\t\t\t\t\t<\/div>\n\t\t\t\t<\/div>\n\t\t<div class=\"elementor-element elementor-element-4ccc3bd5 e-con-full e-flex e-con e-child\" data-id=\"4ccc3bd5\" data-element_type=\"container\" data-e-type=\"container\">\n\t\t\t\t<\/div>\n\t\t\t\t<\/div>","protected":false},"excerpt":{"rendered":"<p>Mantenimiento El elevador es una de las herramientas m\u00e1s importantes de cualquier taller. Su buen funcionamiento no solo garantiza la productividad diaria, sino tambi\u00e9n la seguridad del personal que lo utiliza. En Automaquinaria V\u00e1zquez ofrecemos un servicio de mantenimiento de elevadores que prolonga su vida \u00fatil, previene aver\u00edas y asegura el cumplimiento de todas las [&hellip;]<\/p>\n","protected":false},"author":1,"featured_media":0,"parent":0,"menu_order":0,"comment_status":"closed","ping_status":"closed","template":"tpl-default-elementor.php","meta":{"footnotes":""},"class_list":["post-5976","page","type-page","status-publish","hentry"],"yoast_head":"<!-- This site is optimized with the Yoast SEO plugin v27.0 - https:\/\/yoast.com\/product\/yoast-seo-wordpress\/ -->\n<title>Mantenimiento | Automaquinaria V\u00e1zquez<\/title>\n<meta name=\"description\" content=\"Mantenimiento El elevador es una de las herramientas m\u00e1s importantes de cualquier taller. Su buen funcionamiento no solo garantiza la productividad\" \/>\n<meta name=\"robots\" content=\"index, follow, max-snippet:-1, max-image-preview:large, max-video-preview:-1\" \/>\n<link rel=\"canonical\" href=\"https:\/\/automaquinariavazquez.es\/en\/mantenimiento-2\/\" \/>\n<meta property=\"og:locale\" content=\"en_GB\" \/>\n<meta property=\"og:type\" content=\"article\" \/>\n<meta property=\"og:title\" content=\"Mantenimiento | Automaquinaria V\u00e1zquez\" \/>\n<meta property=\"og:description\" content=\"Mantenimiento El elevador es una de las herramientas m\u00e1s importantes de cualquier taller. Su buen funcionamiento no solo garantiza la productividad\" \/>\n<meta property=\"og:url\" content=\"https:\/\/automaquinariavazquez.es\/en\/mantenimiento-2\/\" \/>\n<meta property=\"og:site_name\" content=\"Automaquinaria V\u00e1zquez\" \/>\n<meta property=\"article:modified_time\" content=\"2025-09-22T16:24:03+00:00\" \/>\n<meta property=\"og:image\" content=\"https:\/\/automaquinariavazquez.es\/wp-content\/uploads\/2025\/09\/somos-5.png\" \/>\n<meta name=\"twitter:card\" content=\"summary_large_image\" \/>\n<meta name=\"twitter:label1\" content=\"Estimated reading time\" \/>\n\t<meta name=\"twitter:data1\" content=\"2 minutes\" \/>\n<script type=\"application\/ld+json\" class=\"yoast-schema-graph\">{\"@context\":\"https:\/\/schema.org\",\"@graph\":[{\"@type\":\"WebPage\",\"@id\":\"https:\/\/automaquinariavazquez.es\/mantenimiento-2\/\",\"url\":\"https:\/\/automaquinariavazquez.es\/mantenimiento-2\/\",\"name\":\"Mantenimiento | Automaquinaria V\u00e1zquez\",\"isPartOf\":{\"@id\":\"https:\/\/automaquinariavazquez.es\/#website\"},\"primaryImageOfPage\":{\"@id\":\"https:\/\/automaquinariavazquez.es\/mantenimiento-2\/#primaryimage\"},\"image\":{\"@id\":\"https:\/\/automaquinariavazquez.es\/mantenimiento-2\/#primaryimage\"},\"thumbnailUrl\":\"https:\/\/automaquinariavazquez.es\/wp-content\/uploads\/2025\/09\/somos-5.png\",\"datePublished\":\"2025-09-17T15:08:21+00:00\",\"dateModified\":\"2025-09-22T16:24:03+00:00\",\"description\":\"Mantenimiento El elevador es una de las herramientas m\u00e1s importantes de cualquier taller. Su buen funcionamiento no solo garantiza la productividad\",\"breadcrumb\":{\"@id\":\"https:\/\/automaquinariavazquez.es\/mantenimiento-2\/#breadcrumb\"},\"inLanguage\":\"en-GB\",\"potentialAction\":[{\"@type\":\"ReadAction\",\"target\":[\"https:\/\/automaquinariavazquez.es\/mantenimiento-2\/\"]}]},{\"@type\":\"ImageObject\",\"inLanguage\":\"en-GB\",\"@id\":\"https:\/\/automaquinariavazquez.es\/mantenimiento-2\/#primaryimage\",\"url\":\"https:\/\/automaquinariavazquez.es\/wp-content\/uploads\/2025\/09\/somos-5.png\",\"contentUrl\":\"https:\/\/automaquinariavazquez.es\/wp-content\/uploads\/2025\/09\/somos-5.png\"},{\"@type\":\"BreadcrumbList\",\"@id\":\"https:\/\/automaquinariavazquez.es\/mantenimiento-2\/#breadcrumb\",\"itemListElement\":[{\"@type\":\"ListItem\",\"position\":1,\"name\":\"Portada\",\"item\":\"https:\/\/automaquinariavazquez.es\/\"},{\"@type\":\"ListItem\",\"position\":2,\"name\":\"Mantenimiento\"}]},{\"@type\":\"WebSite\",\"@id\":\"https:\/\/automaquinariavazquez.es\/#website\",\"url\":\"https:\/\/automaquinariavazquez.es\/\",\"name\":\"Automaquinaria V\u00e1zquez\",\"description\":\"Especialistas en elevadores\",\"publisher\":{\"@id\":\"https:\/\/automaquinariavazquez.es\/#organization\"},\"alternateName\":\"Automaquinaria V\u00e1zquez\",\"potentialAction\":[{\"@type\":\"SearchAction\",\"target\":{\"@type\":\"EntryPoint\",\"urlTemplate\":\"https:\/\/automaquinariavazquez.es\/?s={search_term_string}\"},\"query-input\":{\"@type\":\"PropertyValueSpecification\",\"valueRequired\":true,\"valueName\":\"search_term_string\"}}],\"inLanguage\":\"en-GB\"},{\"@type\":\"Organization\",\"@id\":\"https:\/\/automaquinariavazquez.es\/#organization\",\"name\":\"Automaquinaria V\u00e1zquez\",\"url\":\"https:\/\/automaquinariavazquez.es\/\",\"logo\":{\"@type\":\"ImageObject\",\"inLanguage\":\"en-GB\",\"@id\":\"https:\/\/automaquinariavazquez.es\/#\/schema\/logo\/image\/\",\"url\":\"https:\/\/automaquinariavazquez.es\/wp-content\/uploads\/2025\/09\/cropped-automaquinaria-logo-web.png\",\"contentUrl\":\"https:\/\/automaquinariavazquez.es\/wp-content\/uploads\/2025\/09\/cropped-automaquinaria-logo-web.png\",\"width\":250,\"height\":250,\"caption\":\"Automaquinaria V\u00e1zquez\"},\"image\":{\"@id\":\"https:\/\/automaquinariavazquez.es\/#\/schema\/logo\/image\/\"}}]}<\/script>\n<!-- \/ Yoast SEO plugin. -->","yoast_head_json":{"title":"Mantenimiento | Automaquinaria V\u00e1zquez","description":"Mantenimiento El elevador es una de las herramientas m\u00e1s importantes de cualquier taller. Su buen funcionamiento no solo garantiza la productividad","robots":{"index":"index","follow":"follow","max-snippet":"max-snippet:-1","max-image-preview":"max-image-preview:large","max-video-preview":"max-video-preview:-1"},"canonical":"https:\/\/automaquinariavazquez.es\/en\/mantenimiento-2\/","og_locale":"en_GB","og_type":"article","og_title":"Mantenimiento | Automaquinaria V\u00e1zquez","og_description":"Mantenimiento El elevador es una de las herramientas m\u00e1s importantes de cualquier taller. Su buen funcionamiento no solo garantiza la productividad","og_url":"https:\/\/automaquinariavazquez.es\/en\/mantenimiento-2\/","og_site_name":"Automaquinaria V\u00e1zquez","article_modified_time":"2025-09-22T16:24:03+00:00","og_image":[{"url":"https:\/\/automaquinariavazquez.es\/wp-content\/uploads\/2025\/09\/somos-5.png","type":"","width":"","height":""}],"twitter_card":"summary_large_image","twitter_misc":{"Estimated reading time":"2 minutes"},"schema":{"@context":"https:\/\/schema.org","@graph":[{"@type":"WebPage","@id":"https:\/\/automaquinariavazquez.es\/mantenimiento-2\/","url":"https:\/\/automaquinariavazquez.es\/mantenimiento-2\/","name":"Mantenimiento | Automaquinaria V\u00e1zquez","isPartOf":{"@id":"https:\/\/automaquinariavazquez.es\/#website"},"primaryImageOfPage":{"@id":"https:\/\/automaquinariavazquez.es\/mantenimiento-2\/#primaryimage"},"image":{"@id":"https:\/\/automaquinariavazquez.es\/mantenimiento-2\/#primaryimage"},"thumbnailUrl":"https:\/\/automaquinariavazquez.es\/wp-content\/uploads\/2025\/09\/somos-5.png","datePublished":"2025-09-17T15:08:21+00:00","dateModified":"2025-09-22T16:24:03+00:00","description":"Mantenimiento El elevador es una de las herramientas m\u00e1s importantes de cualquier taller. Su buen funcionamiento no solo garantiza la productividad","breadcrumb":{"@id":"https:\/\/automaquinariavazquez.es\/mantenimiento-2\/#breadcrumb"},"inLanguage":"en-GB","potentialAction":[{"@type":"ReadAction","target":["https:\/\/automaquinariavazquez.es\/mantenimiento-2\/"]}]},{"@type":"ImageObject","inLanguage":"en-GB","@id":"https:\/\/automaquinariavazquez.es\/mantenimiento-2\/#primaryimage","url":"https:\/\/automaquinariavazquez.es\/wp-content\/uploads\/2025\/09\/somos-5.png","contentUrl":"https:\/\/automaquinariavazquez.es\/wp-content\/uploads\/2025\/09\/somos-5.png"},{"@type":"BreadcrumbList","@id":"https:\/\/automaquinariavazquez.es\/mantenimiento-2\/#breadcrumb","itemListElement":[{"@type":"ListItem","position":1,"name":"Portada","item":"https:\/\/automaquinariavazquez.es\/"},{"@type":"ListItem","position":2,"name":"Mantenimiento"}]},{"@type":"WebSite","@id":"https:\/\/automaquinariavazquez.es\/#website","url":"https:\/\/automaquinariavazquez.es\/","name":"Automaquinaria V\u00e1zquez","description":"Especialistas en elevadores","publisher":{"@id":"https:\/\/automaquinariavazquez.es\/#organization"},"alternateName":"Automaquinaria V\u00e1zquez","potentialAction":[{"@type":"SearchAction","target":{"@type":"EntryPoint","urlTemplate":"https:\/\/automaquinariavazquez.es\/?s={search_term_string}"},"query-input":{"@type":"PropertyValueSpecification","valueRequired":true,"valueName":"search_term_string"}}],"inLanguage":"en-GB"},{"@type":"Organization","@id":"https:\/\/automaquinariavazquez.es\/#organization","name":"Automaquinaria V\u00e1zquez","url":"https:\/\/automaquinariavazquez.es\/","logo":{"@type":"ImageObject","inLanguage":"en-GB","@id":"https:\/\/automaquinariavazquez.es\/#\/schema\/logo\/image\/","url":"https:\/\/automaquinariavazquez.es\/wp-content\/uploads\/2025\/09\/cropped-automaquinaria-logo-web.png","contentUrl":"https:\/\/automaquinariavazquez.es\/wp-content\/uploads\/2025\/09\/cropped-automaquinaria-logo-web.png","width":250,"height":250,"caption":"Automaquinaria V\u00e1zquez"},"image":{"@id":"https:\/\/automaquinariavazquez.es\/#\/schema\/logo\/image\/"}}]}},"_links":{"self":[{"href":"https:\/\/automaquinariavazquez.es\/en\/wp-json\/wp\/v2\/pages\/5976","targetHints":{"allow":["GET"]}}],"collection":[{"href":"https:\/\/automaquinariavazquez.es\/en\/wp-json\/wp\/v2\/pages"}],"about":[{"href":"https:\/\/automaquinariavazquez.es\/en\/wp-json\/wp\/v2\/types\/page"}],"author":[{"embeddable":true,"href":"https:\/\/automaquinariavazquez.es\/en\/wp-json\/wp\/v2\/users\/1"}],"replies":[{"embeddable":true,"href":"https:\/\/automaquinariavazquez.es\/en\/wp-json\/wp\/v2\/comments?post=5976"}],"version-history":[{"count":40,"href":"https:\/\/automaquinariavazquez.es\/en\/wp-json\/wp\/v2\/pages\/5976\/revisions"}],"predecessor-version":[{"id":6734,"href":"https:\/\/automaquinariavazquez.es\/en\/wp-json\/wp\/v2\/pages\/5976\/revisions\/6734"}],"wp:attachment":[{"href":"https:\/\/automaquinariavazquez.es\/en\/wp-json\/wp\/v2\/media?parent=5976"}],"curies":[{"name":"wp","href":"https:\/\/api.w.org\/{rel}","templated":true}]}}