{"id":3,"date":"2025-07-25T12:43:05","date_gmt":"2025-07-25T12:43:05","guid":{"rendered":"https:\/\/automaquinariavazquez.es\/?page_id=3"},"modified":"2025-09-30T11:42:07","modified_gmt":"2025-09-30T11:42:07","slug":"privacy-policy","status":"publish","type":"page","link":"https:\/\/automaquinariavazquez.es\/en\/privacy-policy\/","title":{"rendered":"Privacy Policy"},"content":{"rendered":"<p>This privacy policy applies to the processing of personal data of customers and\/or users of the website automaquinariavazquez.es, whose data controller is AUTOMAQUINARIA VAZQUEZ, SL.<\/p>\n\n\n\n<h2 class=\"wp-block-heading\"><strong>Confidentiality and data protection&nbsp;<\/strong><\/h2>\n\n\n\n<p>The purpose of this Privacy Policy is to provide information about the rights you have under REGULATION (EU) 2016\/679 OF THE EUROPEAN PARLIAMENT and of the COUNCIL of 27 April 2016 on the protection of natural persons with regard to the processing of personal data and on the free movement of such data, and repealing Directive 95\/46\/EC (General Data Protection Regulation) and Organic Law 3\/2018. Information about your personal data, in accordance with Article 13 of Section 2 of the aforementioned regulation and Organic Law 3\/2018.<\/p>\n\n\n\n<p>By providing us with your data, the client and\/or user declares that they have read and are aware of this Privacy Policy, giving their unequivocal and express consent to the processing of their personal data in accordance with the purposes and terms expressed herein.<\/p>\n\n\n\n<p>\u00a0AUTOMAQUINARIA VAZQUEZ, SL may modify this Privacy Policy to adapt it to new legislation, case law, or interpretations by the Spanish Data Protection Agency. These privacy conditions may be supplemented by the Legal Notice, Cookie Policy, and the General Conditions that, where applicable, apply to specific products or services, if such access involves any special provisions regarding the protection of personal data.<\/p>\n\n\n\n<h2 class=\"wp-block-heading\"><strong>Basic information on data protection<\/strong><\/h2>\n\n\n\n<figure class=\"wp-block-table\"><table class=\"has-fixed-layout\"><tbody><tr><td colspan=\"2\"><strong>BASIC INFORMATION ON DATA PROTECTION<\/strong><\/td><\/tr><tr><td>Website<\/td><td>www.automaquinariavazquez.es<\/td><\/tr><tr><td>Website owner<\/td><td>AUTOMAQUINARIA VAZQUEZ, SL<\/td><\/tr><tr><td>Data processing manager<\/td><td>\u00a0AUTOMAQUINARIA VAZQUEZ, SL, hereinafter \u201cthe company\u201d<\/td><\/tr><tr><td>Purpose<\/td><td>Management, study and resolution of queries made through the web&nbsp;<strong><em><u>+ info<\/u><\/em><\/strong><\/td><\/tr><tr><td>Legitimation<\/td><td>Consent granted by the user&nbsp;<strong><em><u>+ info<\/u><\/em><\/strong><\/td><\/tr><tr><td>Legal age of consent<\/td><td>The User certifies that he or she is over 14 years of age and therefore has the legal capacity necessary to provide consent for the processing of his or her personal data, in accordance with the provisions of this Privacy Policy.<\/td><\/tr><tr><td>Recipients<\/td><td>Data will be shared with third parties to carry out the purposes described in this privacy policy. Under no circumstances will data be shared with third parties for purposes other than those described in this document.<\/td><\/tr><tr><td>Rights<\/td><td>Access, rectify, and delete data, as well as other rights, as explained in the additional information.<\/td><\/tr><tr><td>Additional information<\/td><td>You can consult additional and detailed information on Data Protection by clicking here.&nbsp;<strong><em><u>+ info<\/u><\/em><\/strong><\/td><\/tr><\/tbody><\/table><\/figure>\n\n\n\n<h2 class=\"wp-block-heading\"><strong>Additional information on data protection:<\/strong><\/h2>\n\n\n\n<h3 class=\"wp-block-heading\"><strong>1.<\/strong><strong>\u2013 Who is the owner of this website?<\/strong><\/h3>\n\n\n\n<figure class=\"wp-block-table\"><table class=\"has-fixed-layout\"><tbody><tr><td>Identity<\/td><td>AUTOMAQUINARIA VAZQUEZ, SL B10977908<\/td><\/tr><tr><td>Address<\/td><td>C\/ Cerro de la Tarjeta, n\u00ba 12<br>41089 Dos Hermanas (Sevilla)\u00a0\u00a0\u00a0\u00a0\u00a0\u00a0<\/td><\/tr><tr><td>Phone<\/td><td>\u00a0685102713<\/td><\/tr><tr><td>Email<\/td><td>info@automaquinariavazquez.es\u00a0\u00a0\u00a0\u00a0\u00a0\u00a0\u00a0\u00a0\u00a0\u00a0\u00a0\u00a0\u00a0\u00a0\u00a0\u00a0\u00a0\u00a0<\/td><\/tr><\/tbody><\/table><\/figure>\n\n\n\n<h3 class=\"wp-block-heading\"><strong>1.2.- Who is responsible for the processing of your personal data?&nbsp;<\/strong><\/h3>\n\n\n\n<figure class=\"wp-block-table\"><table class=\"has-fixed-layout\"><tbody><tr><td>Identity<\/td><td>AUTOMAQUINARIA VAZQUEZ, SLB10977908<\/td><\/tr><tr><td>Address<\/td><td>\u00a0C\/ Cerro de la Tarjeta, n\u00ba 12<br>41089 Dos Hermanas (Sevilla)\u00a0\u00a0\u00a0\u00a0\u00a0<\/td><\/tr><tr><td>Phone<\/td><td>685102713<\/td><\/tr><tr><td>Email<\/td><td>info@automaquinariavazquez.es<\/td><\/tr><\/tbody><\/table><\/figure>\n\n\n\n<h3 class=\"wp-block-heading\"><strong>1.3.-&nbsp;<\/strong><strong>For what purpose will we process your personal data and for how long will we retain it?<\/strong><\/h3>\n\n\n\n<ul class=\"wp-block-list\">\n<li>The company will process your personal data exclusively for specific, explicit, and legitimate purposes, and will not be processed in a manner incompatible with those purposes.<\/li>\n<\/ul>\n\n\n\n<figure class=\"wp-block-table\"><table class=\"has-fixed-layout\"><tbody><tr><td colspan=\"2\"><strong>Purposes<\/strong><\/td><\/tr><tr><td>Purpose 1: for all users<\/td><td>Management, study and resolution of queries made through the web<\/td><\/tr><\/tbody><\/table><\/figure>\n\n\n\n<ul class=\"wp-block-list\">\n<li>The company will retain your personal data for as long as necessary, based on the information provided and the retention periods established in applicable regulations.<\/li>\n<\/ul>\n\n\n\n<p>AUTOMAQUINARIA VAZQUEZ, SL B10977908 will process the personal data provided by users through the electronic forms on the website www.eloctogono.es for the purposes identified below:<\/p>\n\n\n\n<ol class=\"wp-block-list\">\n<li>Regarding the \u201cContact Form\u201d:<\/li>\n<\/ol>\n\n\n\n<p>Purpose: Management, study and resolution of queries made.<\/p>\n\n\n\n<p>Legitimation: The consent of the interested party, which may be revoked at any time.<\/p>\n\n\n\n<ul class=\"wp-block-list\">\n<li>When the data requested in the electronic forms is necessary to access specific website features, AUTOMAQUINARIA VAZQUEZ, SL will indicate this mandatory nature at the time of collecting the User's data, and failure to provide it will mean that the corresponding request cannot be processed.<\/li>\n<\/ul>\n\n\n\n<h3 class=\"wp-block-heading\"><strong>1.4.-&nbsp;<\/strong><strong>To which recipients will your data be communicated?<\/strong><\/h3>\n\n\n\n<p>We inform you that we do not share your personal data with third parties unless legally required to do so. However, your personal data may be accessed by the Company's data processors, that is, service providers who need access to your data to perform their duties. The service providers who access your personal data are generally involved in information and technology systems.<\/p>\n\n\n\n<ul class=\"wp-block-list\">\n<li>No data transfers to third countries are planned.<\/li>\n<\/ul>\n\n\n\n<h3 class=\"wp-block-heading\"><strong>1.5.-&nbsp;<\/strong><strong>What are your rights when you provide us with your data?<\/strong><\/h3>\n\n\n\n<p>Anyone has the right to obtain confirmation as to whether or not the company is processing personal data that concerns them.<\/p>\n\n\n\n<p>Specifically, you may contact the company at its postal address or at the email address provided in this document to exercise the following rights:<\/p>\n\n\n\n<ul class=\"wp-block-list\">\n<li>Right to request access to personal data relating to the interested party.<\/li>\n\n\n\n<li>Right to request rectification or deletion.<\/li>\n\n\n\n<li>Right to request the limitation of your processing.<\/li>\n\n\n\n<li>Right to object to processing.<\/li>\n\n\n\n<li>Right to data portability.<\/li>\n<\/ul>\n\n\n\n<p>You can request the forms necessary to exercise these rights by sending an email to the address provided in this document.<\/p>\n\n\n\n<p>You can contact the Spanish Data Protection Agency to obtain additional information about your rights or file a complaint with it, especially when you have not obtained satisfaction in the exercise of your rights, obtaining all the necessary information through the website&nbsp;<a href=\"http:\/\/www.agpd.es\/\">www.agpd.es<\/a><\/p>\n\n\n\n<h3 class=\"wp-block-heading\"><strong>&nbsp;1.6.- What security measures are applied?<\/strong><\/h3>\n\n\n\n<p>AUTOMAQUINARIA VAZQUEZ, SL adopts the security levels required by the GDPR, appropriate to the nature of the data being processed at any given time. Notwithstanding the foregoing, the User must bear in mind that the security of the systems is not impregnable and that malicious acts by third parties may occur. However, AUTOMAQUINARIA VAZQUEZ, SL uses all available means to prevent such acts. You can request more information about our security measures by emailing info@automaquinariavazquez.es.<\/p>\n\n\n\n<p><\/p>","protected":false},"excerpt":{"rendered":"<p>La presente pol\u00edtica de privacidad se aplica al tratamiento de los datos personales de los clientes y\/o usuarios del sitio web automaquinariavazquez.es cuyo responsable del tratamiento de datos es \u00a0AUTOMAQUINARIA VAZQUEZ, SL Confidencialidad y protecci\u00f3n de datos&nbsp; La presente Pol\u00edtica de Privacidad tiene por objeto facilitar informaci\u00f3n sobre los derechos que le asisten en virtud [&hellip;]<\/p>\n","protected":false},"author":1,"featured_media":0,"parent":0,"menu_order":0,"comment_status":"closed","ping_status":"open","template":"","meta":{"footnotes":""},"class_list":["post-3","page","type-page","status-publish","hentry"],"yoast_head":"<!-- This site is optimized with the Yoast SEO plugin v27.0 - https:\/\/yoast.com\/product\/yoast-seo-wordpress\/ -->\n<title>Pol\u00edtica de Privacidad | Automaquinaria V\u00e1zquez<\/title>\n<meta name=\"description\" content=\"La presente pol\u00edtica de privacidad se aplica al tratamiento de los datos personales de los clientes y\/o usuarios del sitio web automaquinariavazquez.es\" \/>\n<meta name=\"robots\" content=\"index, follow, max-snippet:-1, max-image-preview:large, max-video-preview:-1\" \/>\n<link rel=\"canonical\" href=\"https:\/\/automaquinariavazquez.es\/en\/privacy-policy\/\" \/>\n<meta property=\"og:locale\" content=\"en_GB\" \/>\n<meta property=\"og:type\" content=\"article\" \/>\n<meta property=\"og:title\" content=\"Pol\u00edtica de Privacidad | Automaquinaria V\u00e1zquez\" \/>\n<meta property=\"og:description\" content=\"La presente pol\u00edtica de privacidad se aplica al tratamiento de los datos personales de los clientes y\/o usuarios del sitio web automaquinariavazquez.es\" \/>\n<meta property=\"og:url\" content=\"https:\/\/automaquinariavazquez.es\/en\/privacy-policy\/\" \/>\n<meta property=\"og:site_name\" content=\"Automaquinaria V\u00e1zquez\" \/>\n<meta property=\"article:modified_time\" content=\"2025-09-30T11:42:07+00:00\" \/>\n<meta property=\"og:image\" content=\"https:\/\/automaquinariavazquez.es\/wp-content\/uploads\/2025\/09\/cropped-automaquinaria-icono.png\" \/>\n\t<meta property=\"og:image:width\" content=\"512\" \/>\n\t<meta property=\"og:image:height\" content=\"512\" \/>\n\t<meta property=\"og:image:type\" content=\"image\/png\" \/>\n<meta name=\"twitter:card\" content=\"summary_large_image\" \/>\n<meta name=\"twitter:label1\" content=\"Estimated reading time\" \/>\n\t<meta name=\"twitter:data1\" content=\"5 minutes\" \/>\n<script type=\"application\/ld+json\" class=\"yoast-schema-graph\">{\"@context\":\"https:\/\/schema.org\",\"@graph\":[{\"@type\":\"WebPage\",\"@id\":\"https:\/\/automaquinariavazquez.es\/privacy-policy\/\",\"url\":\"https:\/\/automaquinariavazquez.es\/privacy-policy\/\",\"name\":\"Pol\u00edtica de Privacidad | Automaquinaria V\u00e1zquez\",\"isPartOf\":{\"@id\":\"https:\/\/automaquinariavazquez.es\/#website\"},\"datePublished\":\"2025-07-25T12:43:05+00:00\",\"dateModified\":\"2025-09-30T11:42:07+00:00\",\"description\":\"La presente pol\u00edtica de privacidad se aplica al tratamiento de los datos personales de los clientes y\/o usuarios del sitio web automaquinariavazquez.es\",\"breadcrumb\":{\"@id\":\"https:\/\/automaquinariavazquez.es\/privacy-policy\/#breadcrumb\"},\"inLanguage\":\"en-GB\",\"potentialAction\":[{\"@type\":\"ReadAction\",\"target\":[\"https:\/\/automaquinariavazquez.es\/privacy-policy\/\"]}]},{\"@type\":\"BreadcrumbList\",\"@id\":\"https:\/\/automaquinariavazquez.es\/privacy-policy\/#breadcrumb\",\"itemListElement\":[{\"@type\":\"ListItem\",\"position\":1,\"name\":\"Portada\",\"item\":\"https:\/\/automaquinariavazquez.es\/\"},{\"@type\":\"ListItem\",\"position\":2,\"name\":\"Pol\u00edtica de Privacidad\"}]},{\"@type\":\"WebSite\",\"@id\":\"https:\/\/automaquinariavazquez.es\/#website\",\"url\":\"https:\/\/automaquinariavazquez.es\/\",\"name\":\"Automaquinaria V\u00e1zquez\",\"description\":\"Especialistas en elevadores\",\"publisher\":{\"@id\":\"https:\/\/automaquinariavazquez.es\/#organization\"},\"alternateName\":\"Automaquinaria V\u00e1zquez\",\"potentialAction\":[{\"@type\":\"SearchAction\",\"target\":{\"@type\":\"EntryPoint\",\"urlTemplate\":\"https:\/\/automaquinariavazquez.es\/?s={search_term_string}\"},\"query-input\":{\"@type\":\"PropertyValueSpecification\",\"valueRequired\":true,\"valueName\":\"search_term_string\"}}],\"inLanguage\":\"en-GB\"},{\"@type\":\"Organization\",\"@id\":\"https:\/\/automaquinariavazquez.es\/#organization\",\"name\":\"Automaquinaria V\u00e1zquez\",\"url\":\"https:\/\/automaquinariavazquez.es\/\",\"logo\":{\"@type\":\"ImageObject\",\"inLanguage\":\"en-GB\",\"@id\":\"https:\/\/automaquinariavazquez.es\/#\/schema\/logo\/image\/\",\"url\":\"https:\/\/automaquinariavazquez.es\/wp-content\/uploads\/2025\/09\/cropped-automaquinaria-logo-web.png\",\"contentUrl\":\"https:\/\/automaquinariavazquez.es\/wp-content\/uploads\/2025\/09\/cropped-automaquinaria-logo-web.png\",\"width\":250,\"height\":250,\"caption\":\"Automaquinaria V\u00e1zquez\"},\"image\":{\"@id\":\"https:\/\/automaquinariavazquez.es\/#\/schema\/logo\/image\/\"}}]}<\/script>\n<!-- \/ Yoast SEO plugin. -->","yoast_head_json":{"title":"Pol\u00edtica de Privacidad | Automaquinaria V\u00e1zquez","description":"La presente pol\u00edtica de privacidad se aplica al tratamiento de los datos personales de los clientes y\/o usuarios del sitio web automaquinariavazquez.es","robots":{"index":"index","follow":"follow","max-snippet":"max-snippet:-1","max-image-preview":"max-image-preview:large","max-video-preview":"max-video-preview:-1"},"canonical":"https:\/\/automaquinariavazquez.es\/en\/privacy-policy\/","og_locale":"en_GB","og_type":"article","og_title":"Pol\u00edtica de Privacidad | Automaquinaria V\u00e1zquez","og_description":"La presente pol\u00edtica de privacidad se aplica al tratamiento de los datos personales de los clientes y\/o usuarios del sitio web automaquinariavazquez.es","og_url":"https:\/\/automaquinariavazquez.es\/en\/privacy-policy\/","og_site_name":"Automaquinaria V\u00e1zquez","article_modified_time":"2025-09-30T11:42:07+00:00","og_image":[{"width":512,"height":512,"url":"https:\/\/automaquinariavazquez.es\/wp-content\/uploads\/2025\/09\/cropped-automaquinaria-icono.png","type":"image\/png"}],"twitter_card":"summary_large_image","twitter_misc":{"Estimated reading time":"5 minutes"},"schema":{"@context":"https:\/\/schema.org","@graph":[{"@type":"WebPage","@id":"https:\/\/automaquinariavazquez.es\/privacy-policy\/","url":"https:\/\/automaquinariavazquez.es\/privacy-policy\/","name":"Pol\u00edtica de Privacidad | Automaquinaria V\u00e1zquez","isPartOf":{"@id":"https:\/\/automaquinariavazquez.es\/#website"},"datePublished":"2025-07-25T12:43:05+00:00","dateModified":"2025-09-30T11:42:07+00:00","description":"La presente pol\u00edtica de privacidad se aplica al tratamiento de los datos personales de los clientes y\/o usuarios del sitio web automaquinariavazquez.es","breadcrumb":{"@id":"https:\/\/automaquinariavazquez.es\/privacy-policy\/#breadcrumb"},"inLanguage":"en-GB","potentialAction":[{"@type":"ReadAction","target":["https:\/\/automaquinariavazquez.es\/privacy-policy\/"]}]},{"@type":"BreadcrumbList","@id":"https:\/\/automaquinariavazquez.es\/privacy-policy\/#breadcrumb","itemListElement":[{"@type":"ListItem","position":1,"name":"Portada","item":"https:\/\/automaquinariavazquez.es\/"},{"@type":"ListItem","position":2,"name":"Pol\u00edtica de Privacidad"}]},{"@type":"WebSite","@id":"https:\/\/automaquinariavazquez.es\/#website","url":"https:\/\/automaquinariavazquez.es\/","name":"Automaquinaria V\u00e1zquez","description":"Especialistas en elevadores","publisher":{"@id":"https:\/\/automaquinariavazquez.es\/#organization"},"alternateName":"Automaquinaria V\u00e1zquez","potentialAction":[{"@type":"SearchAction","target":{"@type":"EntryPoint","urlTemplate":"https:\/\/automaquinariavazquez.es\/?s={search_term_string}"},"query-input":{"@type":"PropertyValueSpecification","valueRequired":true,"valueName":"search_term_string"}}],"inLanguage":"en-GB"},{"@type":"Organization","@id":"https:\/\/automaquinariavazquez.es\/#organization","name":"Automaquinaria V\u00e1zquez","url":"https:\/\/automaquinariavazquez.es\/","logo":{"@type":"ImageObject","inLanguage":"en-GB","@id":"https:\/\/automaquinariavazquez.es\/#\/schema\/logo\/image\/","url":"https:\/\/automaquinariavazquez.es\/wp-content\/uploads\/2025\/09\/cropped-automaquinaria-logo-web.png","contentUrl":"https:\/\/automaquinariavazquez.es\/wp-content\/uploads\/2025\/09\/cropped-automaquinaria-logo-web.png","width":250,"height":250,"caption":"Automaquinaria V\u00e1zquez"},"image":{"@id":"https:\/\/automaquinariavazquez.es\/#\/schema\/logo\/image\/"}}]}},"_links":{"self":[{"href":"https:\/\/automaquinariavazquez.es\/en\/wp-json\/wp\/v2\/pages\/3","targetHints":{"allow":["GET"]}}],"collection":[{"href":"https:\/\/automaquinariavazquez.es\/en\/wp-json\/wp\/v2\/pages"}],"about":[{"href":"https:\/\/automaquinariavazquez.es\/en\/wp-json\/wp\/v2\/types\/page"}],"author":[{"embeddable":true,"href":"https:\/\/automaquinariavazquez.es\/en\/wp-json\/wp\/v2\/users\/1"}],"replies":[{"embeddable":true,"href":"https:\/\/automaquinariavazquez.es\/en\/wp-json\/wp\/v2\/comments?post=3"}],"version-history":[{"count":2,"href":"https:\/\/automaquinariavazquez.es\/en\/wp-json\/wp\/v2\/pages\/3\/revisions"}],"predecessor-version":[{"id":6795,"href":"https:\/\/automaquinariavazquez.es\/en\/wp-json\/wp\/v2\/pages\/3\/revisions\/6795"}],"wp:attachment":[{"href":"https:\/\/automaquinariavazquez.es\/en\/wp-json\/wp\/v2\/media?parent=3"}],"curies":[{"name":"wp","href":"https:\/\/api.w.org\/{rel}","templated":true}]}}